{"id":8660,"date":"2021-04-03T14:48:40","date_gmt":"2021-04-03T07:48:40","guid":{"rendered":"http:\/\/celinaresort.com\/?page_id=8660"},"modified":"2024-12-06T20:37:07","modified_gmt":"2024-12-06T13:37:07","slug":"phong-nghi","status":"publish","type":"page","link":"https:\/\/celinaresort.com\/vi\/phong-nghi","title":{"rendered":"Ph\u00f2ng ngh\u1ec9"},"content":{"rendered":"\t\t<div data-elementor-type=\"wp-page\" data-elementor-id=\"8660\" class=\"elementor elementor-8660 elementor-8652\" data-elementor-post-type=\"page\">\n\t\t\t\t\t\t\t\t\t<section class=\"elementor-section elementor-top-section elementor-element elementor-element-6955203 elementor-section-full_width elementor-section-height-min-height elementor-section-stretched elementor-section-height-default elementor-section-items-middle qodef-elementor-content-no\" data-id=\"6955203\" data-element_type=\"section\" data-settings=\"{&quot;stretch_section&quot;:&quot;section-stretched&quot;,&quot;background_background&quot;:&quot;classic&quot;}\">\n\t\t\t\t\t\t<div class=\"elementor-container elementor-column-gap-default\">\n\t\t\t\t\t<div class=\"elementor-column elementor-col-100 elementor-top-column elementor-element elementor-element-1fc757a\" data-id=\"1fc757a\" data-element_type=\"column\">\n\t\t\t<div class=\"elementor-widget-wrap\">\n\t\t\t\t\t\t\t\t\t<\/div>\n\t\t<\/div>\n\t\t\t\t\t\t\t<\/div>\n\t\t<\/section>\n\t\t\t\t<section class=\"elementor-section elementor-top-section elementor-element elementor-element-28e241a elementor-section-boxed elementor-section-height-default elementor-section-height-default qodef-elementor-content-no\" data-id=\"28e241a\" data-element_type=\"section\">\n\t\t\t\t\t\t<div class=\"elementor-container elementor-column-gap-default\">\n\t\t\t\t\t<div class=\"elementor-column elementor-col-100 elementor-top-column elementor-element elementor-element-a67ae31\" data-id=\"a67ae31\" data-element_type=\"column\">\n\t\t\t<div class=\"elementor-widget-wrap elementor-element-populated\">\n\t\t\t\t\t\t\t\t<div class=\"elementor-element elementor-element-2c5a134 elementor-widget elementor-widget-html\" data-id=\"2c5a134\" data-element_type=\"widget\" data-widget_type=\"html.default\">\n\t\t\t\t<div class=\"elementor-widget-container\">\n\t\t\t<!-- start Search form script -->\r\n<div id=\"block-search\">\r\n  <div id=\"be-search-form\" class=\"be-container\">\r\n    <a href=\"https:\/\/exely.com\/\" rel=\"nofollow noopener\" target=\"_blank\">Hotel management software<\/a>\r\n  <\/div>\r\n<\/div>\r\n<!-- end Search form script -->\t\t<\/div>\n\t\t\t\t<\/div>\n\t\t\t\t\t<\/div>\n\t\t<\/div>\n\t\t\t\t\t\t\t<\/div>\n\t\t<\/section>\n\t\t\t\t<section class=\"elementor-section elementor-top-section elementor-element elementor-element-576f65b elementor-section-boxed elementor-section-height-default elementor-section-height-default qodef-elementor-content-no\" data-id=\"576f65b\" data-element_type=\"section\">\n\t\t\t\t\t\t<div class=\"elementor-container elementor-column-gap-default\">\n\t\t\t\t\t<div class=\"elementor-column elementor-col-100 elementor-top-column elementor-element elementor-element-4676a10\" data-id=\"4676a10\" data-element_type=\"column\">\n\t\t\t<div class=\"elementor-widget-wrap elementor-element-populated\">\n\t\t\t\t\t\t\t\t<div class=\"elementor-element elementor-element-b389014 elementor-widget elementor-widget-heading\" data-id=\"b389014\" data-element_type=\"widget\" data-widget_type=\"heading.default\">\n\t\t\t\t<div class=\"elementor-widget-container\">\n\t\t\t<h2 class=\"elementor-heading-title elementor-size-default\">Ph\u00f2ng ngh\u1ec9<\/h2>\t\t<\/div>\n\t\t\t\t<\/div>\n\t\t\t\t<div class=\"elementor-element elementor-element-f38b1c0 elementor-widget elementor-widget-text-editor\" data-id=\"f38b1c0\" data-element_type=\"widget\" data-widget_type=\"text-editor.default\">\n\t\t\t\t<div class=\"elementor-widget-container\">\n\t\t\t\t\t\t\t<p style=\"text-align: justify;\">H\u00e3y ch\u1ecdn m\u1ed9t bungalow, suites ho\u1eb7c ph\u00f2ng cho k\u1ef3&nbsp; ngh\u1ec9 d\u01b0\u1ee1ng \u0111\u1eb7c bi\u1ec7t c\u1ee7a b\u1ea1n.<\/p>\n<p style=\"text-align: justify;\">Ch\u00fang t\u00f4i mang \u0111\u1ebfn m\u1ed9t b\u1ea7u kh\u00f4ng kh\u00ed l\u00e3ng m\u1ea1n, ri\u00eang t\u01b0, th\u1ef1c s\u1ef1 \u0111\u1ed9c \u0111\u00e1o cho nh\u1eefng v\u1ecb kh\u00e1ch \u0111ang t\u00ecm \u0111\u1ebfn b\u00ecnh y\u00ean cho chuy\u1ebfn ngh\u1ec9 d\u01b0\u1ee1ng n\u00e0y. 32 bungalow thanh l\u1ecbch v\u00e0 171 ph\u00f2ng c\u1ee7a ch\u00fang t\u00f4i \u0111\u1ec1u c\u00f3 ban c\u00f4ng l\u1edbn v\u00e0 kh\u00f4ng gian s\u1ed1ng r\u1ed9ng r\u00e3i. \u0110\u00e2y s\u1ebd l\u00e0 \u0111i\u1ec3m \u0111\u1ebfn tuy\u1ec7t v\u1eddi cho k\u1ef3 ngh\u1ec9 trong m\u01a1 c\u1ee7a b\u1ea1n.<\/p>\t\t\t\t\t\t<\/div>\n\t\t\t\t<\/div>\n\t\t\t\t\t<\/div>\n\t\t<\/div>\n\t\t\t\t\t\t\t<\/div>\n\t\t<\/section>\n\t\t\t\t<section class=\"elementor-section elementor-top-section elementor-element elementor-element-b356520 elementor-section-boxed elementor-section-height-default elementor-section-height-default qodef-elementor-content-no\" data-id=\"b356520\" data-element_type=\"section\">\n\t\t\t\t\t\t<div class=\"elementor-container elementor-column-gap-default\">\n\t\t\t\t\t<div class=\"elementor-column elementor-col-100 elementor-top-column elementor-element elementor-element-2946f9b\" data-id=\"2946f9b\" data-element_type=\"column\">\n\t\t\t<div class=\"elementor-widget-wrap elementor-element-populated\">\n\t\t\t\t\t\t\t\t<div class=\"elementor-element elementor-element-6c05465 elementor-widget elementor-widget-deo-box-resort-cat\" data-id=\"6c05465\" data-element_type=\"widget\" data-widget_type=\"deo-box-resort-cat.default\">\n\t\t\t\t<div class=\"elementor-widget-container\">\n\t\t\t\t\t\t<div class=\"sqs-block image-block sqs-block-image elementor-image-box-wrapper\">\r\n\t\t\t\t<div class=\"sqs-block-content\">\r\n\t\t\t\t\t\t\t\t\t\t<figure class=\"sqs-block-image-figure image-block-outer-wrapper image-block-v2 image-position-left show-on-scroll\">\r\n\t\t\t\t\t\t<div class=\"intrinsic\">\r\n\t\t\t\t\t\t\t<div class=\"image-inset content-fit\">\r\n\t\t\t\t\t\t\t\t<img decoding=\"async\" src=\"https:\/\/celinaresort.com\/wp-content\/uploads\/2021\/04\/9c5431d49bfb69a530ea.jpeg\" alt=\"Bungalow\">\t\t\t\t\t\t\t\t<div class=\"image-overlay\"><\/div>\r\n\t\t\t\t\t\t\t<\/div>\r\n\t\t\t\t\t\t<\/div>\r\n\t\t\t\t\t\t<figcaption class=\"image-card-wrapper elementor-image-box-content\">\r\n\t\t\t\t\t\t\t<div class=\"image-card sqs-dynamic-text-container\">\r\n\t\t\t\t\t\t\t\t<div class=\"image-title-wrapper\">\r\n\t\t\t\t\t\t\t\t\t<div class=\"image-title sqs-dynamic-text elementor-image-box-title\">\r\n\t\t\t\t\t\t\t\t\t\t<h3 class=\"elementor-image-box-title\">Bungalow<\/h3>\r\n\t\t\t\t\t\t\t\t\t<\/div>\r\n\t\t\t\t\t\t\t\t<\/div>\r\n\t\t\t\t\t\t\t\t<div class=\"image-subtitle-wrapper\">\r\n\t\t\t\t\t\t\t\t\t<div class=\"image-subtitle sqs-dynamic-text elementor-image-box-description\">\r\n\t\t\t\t\t\t\t\t\t\t<p>T\u1ea5t c\u1ea3 32 ph\u00f2ng ki\u1ec3u bungalow xinh \u0111\u1eb9p c\u1ee7a ch\u00fang t\u00f4i n\u1eb1m g\u1ecdn trong m\u1ed9t khu v\u01b0\u1eddn y\u00ean t\u0129nh. M\u1ed9t s\u1ed1 ph\u00f2ng c\u00f3 t\u1ea7m nh\u00ecn r\u1ed9ng m\u1edf ra bi\u1ec3n.\r\nR\u1ed9ng r\u00e3i 35m2, d\u00e0nh cho 2 ng\u01b0\u1eddi l\u1edbn v\u00e0 2 tr\u1ebb em d\u01b0\u1edbi 11 tu\u1ed5i.<\/p>\r\n\t\t\t\t\t\t\t\t\t<\/div>\r\n\t\t\t\t\t\t\t\t<\/div>\r\n\t\t\t\t\t\t\t\t<div class=\"image-button-wrapper\">\r\n\t\t\t\t\t\t\t\t\t<div class=\"image-button sqs-dynamic-text\">\r\n\t\t\t\t\t\t\t\t\t\t<div class=\"image-button-inner\">\r\n\t\t\t\t\t\t\t\t\t\t\t<a class=\"elementor-image-box-btn\" href=\"https:\/\/celinaresort.com\/vi\/room-type\/bungalow-vi\">Kh\u00e1m ph\u00e1<\/a>\r\n\t\t\t\t\t\t\t\t\t\t<\/div>\r\n\t\t\t\t\t\t\t\t\t<\/div>\r\n\t\t\t\t\t\t\t\t<\/div>\r\n\t\t\t\t\t\t\t<\/div>\r\n\t\t\t\t\t\t<\/figcaption>\r\n\t\t\t\t\t<\/figure>\r\n\t\t\t\t<\/div>\r\n\t\t\t<\/div>\r\n\t\t\t\t\t<div class=\"sqs-block image-block sqs-block-image elementor-image-box-wrapper\">\r\n\t\t\t\t<div class=\"sqs-block-content\">\r\n\t\t\t\t\t\t\t\t\t\t<figure class=\"sqs-block-image-figure image-block-outer-wrapper image-block-v2 image-position-right show-on-scroll\">\r\n\t\t\t\t\t\t<div class=\"intrinsic\">\r\n\t\t\t\t\t\t\t<div class=\"image-inset content-fit\">\r\n\t\t\t\t\t\t\t\t<img decoding=\"async\" src=\"https:\/\/celinaresort.com\/wp-content\/uploads\/2021\/04\/TVH02112-996x665.jpg\" alt=\"Ph\u00f2ng\">\t\t\t\t\t\t\t\t<div class=\"image-overlay\"><\/div>\r\n\t\t\t\t\t\t\t<\/div>\r\n\t\t\t\t\t\t<\/div>\r\n\t\t\t\t\t\t<figcaption class=\"image-card-wrapper elementor-image-box-content\">\r\n\t\t\t\t\t\t\t<div class=\"image-card sqs-dynamic-text-container\">\r\n\t\t\t\t\t\t\t\t<div class=\"image-title-wrapper\">\r\n\t\t\t\t\t\t\t\t\t<div class=\"image-title sqs-dynamic-text elementor-image-box-title\">\r\n\t\t\t\t\t\t\t\t\t\t<h3 class=\"elementor-image-box-title\">Ph\u00f2ng<\/h3>\r\n\t\t\t\t\t\t\t\t\t<\/div>\r\n\t\t\t\t\t\t\t\t<\/div>\r\n\t\t\t\t\t\t\t\t<div class=\"image-subtitle-wrapper\">\r\n\t\t\t\t\t\t\t\t\t<div class=\"image-subtitle sqs-dynamic-text elementor-image-box-description\">\r\n\t\t\t\t\t\t\t\t\t\t<p>T\u1ea5t c\u1ea3 171 ph\u00f2ng c\u1ee7a ch\u00fang t\u00f4i trong t\u00f2a nh\u00e0 \u0111\u1ec1u c\u00f3 t\u1ea7m nh\u00ecn tuy\u1ec7t \u0111\u1eb9p ra bi\u1ec3n, khu v\u01b0\u1eddn v\u00e0 th\u00e0nh ph\u1ed1.<\/p>\r\n\t\t\t\t\t\t\t\t\t<\/div>\r\n\t\t\t\t\t\t\t\t<\/div>\r\n\t\t\t\t\t\t\t\t<div class=\"image-button-wrapper\">\r\n\t\t\t\t\t\t\t\t\t<div class=\"image-button sqs-dynamic-text\">\r\n\t\t\t\t\t\t\t\t\t\t<div class=\"image-button-inner\">\r\n\t\t\t\t\t\t\t\t\t\t\t<a class=\"elementor-image-box-btn\" href=\"https:\/\/celinaresort.com\/vi\/room-type\/phong\">Kh\u00e1m ph\u00e1<\/a>\r\n\t\t\t\t\t\t\t\t\t\t<\/div>\r\n\t\t\t\t\t\t\t\t\t<\/div>\r\n\t\t\t\t\t\t\t\t<\/div>\r\n\t\t\t\t\t\t\t<\/div>\r\n\t\t\t\t\t\t<\/figcaption>\r\n\t\t\t\t\t<\/figure>\r\n\t\t\t\t<\/div>\r\n\t\t\t<\/div>\r\n\t\t\t\t\t<div class=\"sqs-block image-block sqs-block-image elementor-image-box-wrapper\">\r\n\t\t\t\t<div class=\"sqs-block-content\">\r\n\t\t\t\t\t\t\t\t\t\t<figure class=\"sqs-block-image-figure image-block-outer-wrapper image-block-v2 image-position-left show-on-scroll\">\r\n\t\t\t\t\t\t<div class=\"intrinsic\">\r\n\t\t\t\t\t\t\t<div class=\"image-inset content-fit\">\r\n\t\t\t\t\t\t\t\t<img decoding=\"async\" src=\"https:\/\/celinaresort.com\/wp-content\/uploads\/2022\/03\/TVH03322-996x665.jpg\" alt=\"Suites\">\t\t\t\t\t\t\t\t<div class=\"image-overlay\"><\/div>\r\n\t\t\t\t\t\t\t<\/div>\r\n\t\t\t\t\t\t<\/div>\r\n\t\t\t\t\t\t<figcaption class=\"image-card-wrapper elementor-image-box-content\">\r\n\t\t\t\t\t\t\t<div class=\"image-card sqs-dynamic-text-container\">\r\n\t\t\t\t\t\t\t\t<div class=\"image-title-wrapper\">\r\n\t\t\t\t\t\t\t\t\t<div class=\"image-title sqs-dynamic-text elementor-image-box-title\">\r\n\t\t\t\t\t\t\t\t\t\t<h3 class=\"elementor-image-box-title\">Suites<\/h3>\r\n\t\t\t\t\t\t\t\t\t<\/div>\r\n\t\t\t\t\t\t\t\t<\/div>\r\n\t\t\t\t\t\t\t\t<div class=\"image-subtitle-wrapper\">\r\n\t\t\t\t\t\t\t\t\t<div class=\"image-subtitle sqs-dynamic-text elementor-image-box-description\">\r\n\t\t\t\t\t\t\t\t\t\t<p>Our 2 pool suites and a luxurious president suite offer extraordinary views across the resort and the ocean.<\/p>\r\n\t\t\t\t\t\t\t\t\t<\/div>\r\n\t\t\t\t\t\t\t\t<\/div>\r\n\t\t\t\t\t\t\t\t<div class=\"image-button-wrapper\">\r\n\t\t\t\t\t\t\t\t\t<div class=\"image-button sqs-dynamic-text\">\r\n\t\t\t\t\t\t\t\t\t\t<div class=\"image-button-inner\">\r\n\t\t\t\t\t\t\t\t\t\t\t<a class=\"elementor-image-box-btn\" href=\"https:\/\/celinaresort.com\/room-type\/suites\">Kh\u00e1m ph\u00e1<\/a>\r\n\t\t\t\t\t\t\t\t\t\t<\/div>\r\n\t\t\t\t\t\t\t\t\t<\/div>\r\n\t\t\t\t\t\t\t\t<\/div>\r\n\t\t\t\t\t\t\t<\/div>\r\n\t\t\t\t\t\t<\/figcaption>\r\n\t\t\t\t\t<\/figure>\r\n\t\t\t\t<\/div>\r\n\t\t\t<\/div>\r\n\t\t\t\t<\/div>\n\t\t\t\t<\/div>\n\t\t\t\t\t<\/div>\n\t\t<\/div>\n\t\t\t\t\t\t\t<\/div>\n\t\t<\/section>\n\t\t\t\t<section class=\"elementor-section elementor-top-section elementor-element elementor-element-6313bef elementor-section-boxed elementor-section-height-default elementor-section-height-default qodef-elementor-content-no\" data-id=\"6313bef\" data-element_type=\"section\">\n\t\t\t\t\t\t<div class=\"elementor-container elementor-column-gap-default\">\n\t\t\t\t\t<div class=\"elementor-column elementor-col-100 elementor-top-column elementor-element elementor-element-c31adae\" data-id=\"c31adae\" data-element_type=\"column\">\n\t\t\t<div class=\"elementor-widget-wrap\">\n\t\t\t\t\t\t\t\t\t<\/div>\n\t\t<\/div>\n\t\t\t\t\t\t\t<\/div>\n\t\t<\/section>\n\t\t\t\t\t\t\t<\/div>\n\t\t","protected":false},"excerpt":{"rendered":"<p>Hotel management software Ph\u00f2ng ngh\u1ec9 H\u00e3y ch\u1ecdn m\u1ed9t bungalow, suites ho\u1eb7c ph\u00f2ng cho k\u1ef3&nbsp; ngh\u1ec9 d\u01b0\u1ee1ng \u0111\u1eb7c bi\u1ec7t c\u1ee7a b\u1ea1n. Ch\u00fang t\u00f4i mang \u0111\u1ebfn m\u1ed9t b\u1ea7u kh\u00f4ng kh\u00ed l\u00e3ng m\u1ea1n, ri\u00eang t\u01b0, th\u1ef1c s\u1ef1 \u0111\u1ed9c \u0111\u00e1o cho nh\u1eefng v\u1ecb kh\u00e1ch \u0111ang t\u00ecm \u0111\u1ebfn b\u00ecnh y\u00ean cho chuy\u1ebfn ngh\u1ec9 d\u01b0\u1ee1ng n\u00e0y. 32 bungalow thanh l\u1ecbch v\u00e0 [&hellip;]<\/p>\n","protected":false},"author":1,"featured_media":0,"parent":0,"menu_order":0,"comment_status":"closed","ping_status":"closed","template":"","meta":[],"acf":[],"_links":{"self":[{"href":"https:\/\/celinaresort.com\/vi\/wp-json\/wp\/v2\/pages\/8660"}],"collection":[{"href":"https:\/\/celinaresort.com\/vi\/wp-json\/wp\/v2\/pages"}],"about":[{"href":"https:\/\/celinaresort.com\/vi\/wp-json\/wp\/v2\/types\/page"}],"author":[{"embeddable":true,"href":"https:\/\/celinaresort.com\/vi\/wp-json\/wp\/v2\/users\/1"}],"replies":[{"embeddable":true,"href":"https:\/\/celinaresort.com\/vi\/wp-json\/wp\/v2\/comments?post=8660"}],"version-history":[{"count":32,"href":"https:\/\/celinaresort.com\/vi\/wp-json\/wp\/v2\/pages\/8660\/revisions"}],"predecessor-version":[{"id":11357,"href":"https:\/\/celinaresort.com\/vi\/wp-json\/wp\/v2\/pages\/8660\/revisions\/11357"}],"wp:attachment":[{"href":"https:\/\/celinaresort.com\/vi\/wp-json\/wp\/v2\/media?parent=8660"}],"curies":[{"name":"wp","href":"https:\/\/api.w.org\/{rel}","templated":true}]}}