{"id":8229,"date":"2021-03-28T04:25:35","date_gmt":"2021-03-27T21:25:35","guid":{"rendered":"http:\/\/celinaresort.com\/?page_id=8229"},"modified":"2024-12-06T20:33:31","modified_gmt":"2024-12-06T13:33:31","slug":"seawise-seefood-restaurant","status":"publish","type":"page","link":"https:\/\/celinaresort.com\/vi\/dich-vu-am-thuc\/seawise-seefood-restaurant","title":{"rendered":"Seawise Seefood Restaurant"},"content":{"rendered":"\t\t<div data-elementor-type=\"wp-page\" data-elementor-id=\"8229\" class=\"elementor elementor-8229 elementor-6882\" data-elementor-post-type=\"page\">\n\t\t\t\t\t\t\t\t\t<section class=\"elementor-section elementor-top-section elementor-element elementor-element-e83c735 elementor-section-height-min-height elementor-section-stretched elementor-section-boxed elementor-section-height-default elementor-section-items-middle qodef-elementor-content-no\" data-id=\"e83c735\" data-element_type=\"section\" data-settings=\"{&quot;stretch_section&quot;:&quot;section-stretched&quot;,&quot;background_background&quot;:&quot;classic&quot;}\">\n\t\t\t\t\t\t\t<div class=\"elementor-background-overlay\"><\/div>\n\t\t\t\t\t\t\t<div class=\"elementor-container elementor-column-gap-default\">\n\t\t\t\t\t<div class=\"elementor-column elementor-col-100 elementor-top-column elementor-element elementor-element-b4bc122\" data-id=\"b4bc122\" data-element_type=\"column\">\n\t\t\t<div class=\"elementor-widget-wrap elementor-element-populated\">\n\t\t\t\t\t\t\t\t<div class=\"elementor-element elementor-element-8d6149a elementor-widget elementor-widget-heading\" data-id=\"8d6149a\" data-element_type=\"widget\" data-widget_type=\"heading.default\">\n\t\t\t\t<div class=\"elementor-widget-container\">\n\t\t\t<h2 class=\"elementor-heading-title elementor-size-default\">Dining<\/h2>\t\t<\/div>\n\t\t\t\t<\/div>\n\t\t\t\t<div class=\"elementor-element elementor-element-4a1196e elementor-widget elementor-widget-heading\" data-id=\"4a1196e\" data-element_type=\"widget\" data-widget_type=\"heading.default\">\n\t\t\t\t<div class=\"elementor-widget-container\">\n\t\t\t<h2 class=\"elementor-heading-title elementor-size-default\">SEAWISE SEAFOOD Restaurant<\/h2>\t\t<\/div>\n\t\t\t\t<\/div>\n\t\t\t\t\t<\/div>\n\t\t<\/div>\n\t\t\t\t\t\t\t<\/div>\n\t\t<\/section>\n\t\t\t\t<section class=\"elementor-section elementor-top-section elementor-element elementor-element-38af9d5 elementor-section-boxed elementor-section-height-default elementor-section-height-default qodef-elementor-content-no\" data-id=\"38af9d5\" data-element_type=\"section\">\n\t\t\t\t\t\t<div class=\"elementor-container elementor-column-gap-default\">\n\t\t\t\t\t<div class=\"elementor-column elementor-col-100 elementor-top-column elementor-element elementor-element-9006b24\" data-id=\"9006b24\" data-element_type=\"column\">\n\t\t\t<div class=\"elementor-widget-wrap elementor-element-populated\">\n\t\t\t\t\t\t\t\t<div class=\"elementor-element elementor-element-546d49f elementor-widget elementor-widget-html\" data-id=\"546d49f\" data-element_type=\"widget\" data-widget_type=\"html.default\">\n\t\t\t\t<div class=\"elementor-widget-container\">\n\t\t\t<!-- start Search form script -->\r\n<div id=\"block-search\">\r\n  <div id=\"be-search-form\" class=\"be-container\">\r\n    <a href=\"https:\/\/exely.com\/\" rel=\"nofollow noopener\" target=\"_blank\">Hotel management software<\/a>\r\n  <\/div>\r\n<\/div>\r\n<!-- end Search form script -->\t\t<\/div>\n\t\t\t\t<\/div>\n\t\t\t\t\t<\/div>\n\t\t<\/div>\n\t\t\t\t\t\t\t<\/div>\n\t\t<\/section>\n\t\t\t\t<section class=\"elementor-section elementor-top-section elementor-element elementor-element-711f637 elementor-section-boxed elementor-section-height-default elementor-section-height-default qodef-elementor-content-no\" data-id=\"711f637\" data-element_type=\"section\">\n\t\t\t\t\t\t<div class=\"elementor-container elementor-column-gap-default\">\n\t\t\t\t\t<div class=\"elementor-column elementor-col-100 elementor-top-column elementor-element elementor-element-d4f35a4\" data-id=\"d4f35a4\" data-element_type=\"column\">\n\t\t\t<div class=\"elementor-widget-wrap elementor-element-populated\">\n\t\t\t\t\t\t\t\t<div class=\"elementor-element elementor-element-add12e1 elementor-widget elementor-widget-spacer\" data-id=\"add12e1\" data-element_type=\"widget\" data-widget_type=\"spacer.default\">\n\t\t\t\t<div class=\"elementor-widget-container\">\n\t\t\t\t\t<div class=\"elementor-spacer\">\n\t\t\t<div class=\"elementor-spacer-inner\"><\/div>\n\t\t<\/div>\n\t\t\t\t<\/div>\n\t\t\t\t<\/div>\n\t\t\t\t<div class=\"elementor-element elementor-element-b1b6f39 elementor-widget elementor-widget-heading\" data-id=\"b1b6f39\" data-element_type=\"widget\" data-widget_type=\"heading.default\">\n\t\t\t\t<div class=\"elementor-widget-container\">\n\t\t\t<h2 class=\"elementor-heading-title elementor-size-default\">AN OPEN VIEW TO THE OCEAN<\/h2>\t\t<\/div>\n\t\t\t\t<\/div>\n\t\t\t\t<section class=\"elementor-section elementor-inner-section elementor-element elementor-element-7e1754c elementor-section-content-middle elementor-section-boxed elementor-section-height-default elementor-section-height-default qodef-elementor-content-no\" data-id=\"7e1754c\" data-element_type=\"section\">\n\t\t\t\t\t\t<div class=\"elementor-container elementor-column-gap-default\">\n\t\t\t\t\t<div class=\"elementor-column elementor-col-50 elementor-inner-column elementor-element elementor-element-8fbd708\" data-id=\"8fbd708\" data-element_type=\"column\">\n\t\t\t<div class=\"elementor-widget-wrap elementor-element-populated\">\n\t\t\t\t\t\t\t\t<div class=\"elementor-element elementor-element-43d9296 elementor-widget elementor-widget-image\" data-id=\"43d9296\" data-element_type=\"widget\" data-widget_type=\"image.default\">\n\t\t\t\t<div class=\"elementor-widget-container\">\n\t\t\t\t\t\t\t\t\t\t\t\t\t\t\t<img decoding=\"async\" width=\"650\" height=\"650\" src=\"https:\/\/celinaresort.com\/wp-content\/uploads\/2021\/03\/IMG-5966-2-650x650.jpg\" class=\"attachment-alloggio_image_size_square size-alloggio_image_size_square wp-image-7770\" alt=\"\" loading=\"lazy\" srcset=\"https:\/\/celinaresort.com\/wp-content\/uploads\/2021\/03\/IMG-5966-2-650x650.jpg 650w, https:\/\/celinaresort.com\/wp-content\/uploads\/2021\/03\/IMG-5966-2-150x150.jpg 150w, https:\/\/celinaresort.com\/wp-content\/uploads\/2021\/03\/IMG-5966-2-1300x1300.jpg 1300w, https:\/\/celinaresort.com\/wp-content\/uploads\/2021\/03\/IMG-5966-2-300x300.jpg 300w, https:\/\/celinaresort.com\/wp-content\/uploads\/2021\/03\/IMG-5966-2-100x100.jpg 100w\" sizes=\"(max-width: 650px) 100vw, 650px\" \/>\t\t\t\t\t\t\t\t\t\t\t\t\t\t\t<\/div>\n\t\t\t\t<\/div>\n\t\t\t\t\t<\/div>\n\t\t<\/div>\n\t\t\t\t<div class=\"elementor-column elementor-col-50 elementor-inner-column elementor-element elementor-element-99c0aea\" data-id=\"99c0aea\" data-element_type=\"column\">\n\t\t\t<div class=\"elementor-widget-wrap elementor-element-populated\">\n\t\t\t\t\t\t\t\t<div class=\"elementor-element elementor-element-baaa62c elementor-widget elementor-widget-text-editor\" data-id=\"baaa62c\" data-element_type=\"widget\" data-widget_type=\"text-editor.default\">\n\t\t\t\t<div class=\"elementor-widget-container\">\n\t\t\t\t\t\t\t<p>Ch\u00fang t\u00f4i t\u1ef1 h\u00e0o v\u1ec1 vi\u1ec7c cung c\u1ea5p cho kh\u00e1ch h\u00e0ng tr\u1ea3i nghi\u1ec7m \u0103n u\u1ed1ng \u0111\u1ed9c \u0111\u00e1o v\u00e0 th\u00fa v\u1ecb.<\/p><p>Ch\u00fang t\u00f4i quan t\u00e2m \u0111\u1ebfn h\u01b0\u01a1ng v\u1ecb c\u1ee7a m\u00f3n \u0103n c\u0169ng nh\u01b0 cung c\u1ea5p cho kh\u00e1ch h\u00e0ng c\u00e1c d\u1ecbch v\u1ee5 n\u0103m sao v\u00e0 s\u1ef1 hi\u1ebfu kh\u00e1ch.<\/p>\t\t\t\t\t\t<\/div>\n\t\t\t\t<\/div>\n\t\t\t\t\t<\/div>\n\t\t<\/div>\n\t\t\t\t\t\t\t<\/div>\n\t\t<\/section>\n\t\t\t\t<section class=\"elementor-section elementor-inner-section elementor-element elementor-element-6e5ab49 elementor-section-content-middle elementor-reverse-mobile elementor-section-boxed elementor-section-height-default elementor-section-height-default qodef-elementor-content-no\" data-id=\"6e5ab49\" data-element_type=\"section\">\n\t\t\t\t\t\t<div class=\"elementor-container elementor-column-gap-default\">\n\t\t\t\t\t<div class=\"elementor-column elementor-col-50 elementor-inner-column elementor-element elementor-element-3f3cc5d\" data-id=\"3f3cc5d\" data-element_type=\"column\">\n\t\t\t<div class=\"elementor-widget-wrap elementor-element-populated\">\n\t\t\t\t\t\t\t\t<div class=\"elementor-element elementor-element-9581ad8 elementor-widget elementor-widget-text-editor\" data-id=\"9581ad8\" data-element_type=\"widget\" data-widget_type=\"text-editor.default\">\n\t\t\t\t<div class=\"elementor-widget-container\">\n\t\t\t\t\t\t\t<p>Nhi\u1ec7m v\u1ee5 c\u1ee7a ch\u00fang t\u00f4i: Ph\u1ee5c v\u1ee5 b\u1ea1n nh\u1eefng m\u00f3n h\u1ea3i s\u1ea3n ngon nh\u1ea5t v\u1edbi m\u1ee9c gi\u00e1 d\u1ec5 ch\u1ecbu nh\u1ea5t.<\/p><p>N\u00e0o, h\u00e3y th\u01b0 gi\u00e3n v\u00e0 d\u00f9ng b\u1eefa v\u1edbi ch\u00fang t\u00f4i !!<\/p><p>Th\u1eddi gian m\u1edf c\u1eeda:<\/p><p>5H30 CHI\u1ec0U &#8211; 10H00 CHI\u1ec0U (TH\u00c1NG 6 &#8211; TH\u00c1NG 9)<\/p>\t\t\t\t\t\t<\/div>\n\t\t\t\t<\/div>\n\t\t\t\t\t<\/div>\n\t\t<\/div>\n\t\t\t\t<div class=\"elementor-column elementor-col-50 elementor-inner-column elementor-element elementor-element-9e088c6\" data-id=\"9e088c6\" data-element_type=\"column\">\n\t\t\t<div class=\"elementor-widget-wrap elementor-element-populated\">\n\t\t\t\t\t\t\t\t<div class=\"elementor-element elementor-element-205bb05 elementor-widget elementor-widget-image\" data-id=\"205bb05\" data-element_type=\"widget\" data-widget_type=\"image.default\">\n\t\t\t\t<div class=\"elementor-widget-container\">\n\t\t\t\t\t\t\t\t\t\t\t\t\t\t\t<img decoding=\"async\" width=\"650\" height=\"650\" src=\"https:\/\/celinaresort.com\/wp-content\/uploads\/2021\/03\/892A1215-650x650.jpg\" class=\"attachment-alloggio_image_size_square size-alloggio_image_size_square wp-image-7671\" alt=\"\" loading=\"lazy\" srcset=\"https:\/\/celinaresort.com\/wp-content\/uploads\/2021\/03\/892A1215-650x650.jpg 650w, https:\/\/celinaresort.com\/wp-content\/uploads\/2021\/03\/892A1215-150x150.jpg 150w, https:\/\/celinaresort.com\/wp-content\/uploads\/2021\/03\/892A1215-1300x1300.jpg 1300w, https:\/\/celinaresort.com\/wp-content\/uploads\/2021\/03\/892A1215-300x300.jpg 300w, https:\/\/celinaresort.com\/wp-content\/uploads\/2021\/03\/892A1215-100x100.jpg 100w\" sizes=\"(max-width: 650px) 100vw, 650px\" \/>\t\t\t\t\t\t\t\t\t\t\t\t\t\t\t<\/div>\n\t\t\t\t<\/div>\n\t\t\t\t\t<\/div>\n\t\t<\/div>\n\t\t\t\t\t\t\t<\/div>\n\t\t<\/section>\n\t\t\t\t<div class=\"elementor-element elementor-element-55d137d elementor-widget elementor-widget-spacer\" data-id=\"55d137d\" data-element_type=\"widget\" data-widget_type=\"spacer.default\">\n\t\t\t\t<div class=\"elementor-widget-container\">\n\t\t\t\t\t<div class=\"elementor-spacer\">\n\t\t\t<div class=\"elementor-spacer-inner\"><\/div>\n\t\t<\/div>\n\t\t\t\t<\/div>\n\t\t\t\t<\/div>\n\t\t\t\t\t<\/div>\n\t\t<\/div>\n\t\t\t\t\t\t\t<\/div>\n\t\t<\/section>\n\t\t\t\t<section class=\"elementor-section elementor-top-section elementor-element elementor-element-a0ae4a1 elementor-section-full_width elementor-section-height-min-height elementor-section-stretched elementor-section-height-default elementor-section-items-middle qodef-elementor-content-no\" data-id=\"a0ae4a1\" data-element_type=\"section\" data-settings=\"{&quot;stretch_section&quot;:&quot;section-stretched&quot;,&quot;background_background&quot;:&quot;classic&quot;}\">\n\t\t\t\t\t\t\t<div class=\"elementor-background-overlay\"><\/div>\n\t\t\t\t\t\t\t<div class=\"elementor-container elementor-column-gap-no\">\n\t\t\t\t\t<div class=\"elementor-column elementor-col-100 elementor-top-column elementor-element elementor-element-6127547\" data-id=\"6127547\" data-element_type=\"column\">\n\t\t\t<div class=\"elementor-widget-wrap elementor-element-populated\">\n\t\t\t\t\t\t\t\t<div class=\"elementor-element elementor-element-fe50207 elementor-widget elementor-widget-heading\" data-id=\"fe50207\" data-element_type=\"widget\" data-widget_type=\"heading.default\">\n\t\t\t\t<div class=\"elementor-widget-container\">\n\t\t\t<h2 class=\"elementor-heading-title elementor-size-default\">BEST PLACE TO WATCH THE SUNSET<\/h2>\t\t<\/div>\n\t\t\t\t<\/div>\n\t\t\t\t\t<\/div>\n\t\t<\/div>\n\t\t\t\t\t\t\t<\/div>\n\t\t<\/section>\n\t\t\t\t<section class=\"elementor-section elementor-top-section elementor-element elementor-element-30fd66c elementor-section-boxed elementor-section-height-default elementor-section-height-default qodef-elementor-content-no\" data-id=\"30fd66c\" data-element_type=\"section\">\n\t\t\t\t\t\t<div class=\"elementor-container elementor-column-gap-default\">\n\t\t\t\t\t<div class=\"elementor-column elementor-col-100 elementor-top-column elementor-element elementor-element-474951b\" data-id=\"474951b\" data-element_type=\"column\">\n\t\t\t<div class=\"elementor-widget-wrap elementor-element-populated\">\n\t\t\t\t\t\t\t\t<div class=\"elementor-element elementor-element-5611de4 elementor-widget elementor-widget-heading\" data-id=\"5611de4\" data-element_type=\"widget\" data-widget_type=\"heading.default\">\n\t\t\t\t<div class=\"elementor-widget-container\">\n\t\t\t<h2 class=\"elementor-heading-title elementor-size-default\">NH\u00c0 H\u00c0NG H\u1ea2I S\u1ea2N NGON NH\u1ea4T<\/h2>\t\t<\/div>\n\t\t\t\t<\/div>\n\t\t\t\t<div class=\"elementor-element elementor-element-21633a6 gallery-item  elementor-widget elementor-widget-alloggio_core_image_gallery\" data-id=\"21633a6\" data-element_type=\"widget\" data-widget_type=\"alloggio_core_image_gallery.default\">\n\t\t\t\t<div class=\"elementor-widget-container\">\n\t\t\t<div class=\"qodef-shortcode qodef-m  qodef-image-gallery qodef-magnific-popup qodef-popup-gallery     qodef-grid qodef-layout--columns  qodef-gutter--small qodef-col-num--3  qodef-responsive--predefined\">\n    <div class=\"qodef-grid-inner clear\">\n\t\t<div class=\"qodef-e qodef-image-wrapper qodef-grid-item\">\n\t\t\t<a class=\"qodef-popup-item\" itemprop=\"image\" href=\"https:\/\/celinaresort.com\/wp-content\/uploads\/2021\/03\/892A1291-scaled.jpg\" data-type=\"image\" title=\"\">\n\t\t\t<img decoding=\"async\" loading=\"lazy\" src=\"https:\/\/celinaresort.com\/wp-content\/uploads\/2021\/03\/892A1291-scaled-407x500.jpg\" alt=\"\" width=\"407\" height=\"500\" \/>\t\t\t<\/a>\n\t<\/div><div class=\"qodef-e qodef-image-wrapper qodef-grid-item\">\n\t\t\t<a class=\"qodef-popup-item\" itemprop=\"image\" href=\"https:\/\/celinaresort.com\/wp-content\/uploads\/2021\/03\/5513bca7ed97deb73be291c4395f383f.jpeg\" data-type=\"image\" title=\"\">\n\t\t\t<img decoding=\"async\" loading=\"lazy\" src=\"https:\/\/celinaresort.com\/wp-content\/uploads\/2021\/03\/5513bca7ed97deb73be291c4395f383f-407x500.jpeg\" alt=\"\" width=\"407\" height=\"500\" \/>\t\t\t<\/a>\n\t<\/div><div class=\"qodef-e qodef-image-wrapper qodef-grid-item\">\n\t\t\t<a class=\"qodef-popup-item\" itemprop=\"image\" href=\"https:\/\/celinaresort.com\/wp-content\/uploads\/2021\/03\/892A1294-scaled.jpg\" data-type=\"image\" title=\"\">\n\t\t\t<img decoding=\"async\" loading=\"lazy\" src=\"https:\/\/celinaresort.com\/wp-content\/uploads\/2021\/03\/892A1294-scaled-407x500.jpg\" alt=\"\" width=\"407\" height=\"500\" \/>\t\t\t<\/a>\n\t<\/div><div class=\"qodef-e qodef-image-wrapper qodef-grid-item\">\n\t\t\t<a class=\"qodef-popup-item\" itemprop=\"image\" href=\"https:\/\/celinaresort.com\/wp-content\/uploads\/2021\/03\/892A1250-scaled.jpg\" data-type=\"image\" title=\"\">\n\t\t\t<img decoding=\"async\" loading=\"lazy\" src=\"https:\/\/celinaresort.com\/wp-content\/uploads\/2021\/03\/892A1250-scaled-407x500.jpg\" alt=\"\" width=\"407\" height=\"500\" \/>\t\t\t<\/a>\n\t<\/div><div class=\"qodef-e qodef-image-wrapper qodef-grid-item\">\n\t\t\t<a class=\"qodef-popup-item\" itemprop=\"image\" href=\"https:\/\/celinaresort.com\/wp-content\/uploads\/2021\/03\/a7e09b9f93fd59bb984ee7350b98409f.jpeg\" data-type=\"image\" title=\"\">\n\t\t\t<img decoding=\"async\" loading=\"lazy\" src=\"https:\/\/celinaresort.com\/wp-content\/uploads\/2021\/03\/a7e09b9f93fd59bb984ee7350b98409f-407x500.jpeg\" alt=\"\" width=\"407\" height=\"500\" \/>\t\t\t<\/a>\n\t<\/div><div class=\"qodef-e qodef-image-wrapper qodef-grid-item\">\n\t\t\t<a class=\"qodef-popup-item\" itemprop=\"image\" href=\"https:\/\/celinaresort.com\/wp-content\/uploads\/2021\/03\/892A1301-scaled.jpg\" data-type=\"image\" title=\"\">\n\t\t\t<img decoding=\"async\" loading=\"lazy\" src=\"https:\/\/celinaresort.com\/wp-content\/uploads\/2021\/03\/892A1301-scaled-407x500.jpg\" alt=\"\" width=\"407\" height=\"500\" \/>\t\t\t<\/a>\n\t<\/div>    <\/div>\n<\/div>\t\t<\/div>\n\t\t\t\t<\/div>\n\t\t\t\t<div class=\"elementor-element elementor-element-b4ca738 elementor-widget elementor-widget-text-editor\" data-id=\"b4ca738\" data-element_type=\"widget\" data-widget_type=\"text-editor.default\">\n\t\t\t\t<div class=\"elementor-widget-container\">\n\t\t\t\t\t\t\t\t\t\t\t\t\t<\/div>\n\t\t\t\t<\/div>\n\t\t\t\t\t<\/div>\n\t\t<\/div>\n\t\t\t\t\t\t\t<\/div>\n\t\t<\/section>\n\t\t\t\t\t\t\t<\/div>\n\t\t","protected":false},"excerpt":{"rendered":"<p>Dining SEAWISE SEAFOOD Restaurant Hotel management software AN OPEN VIEW TO THE OCEAN Ch\u00fang t\u00f4i t\u1ef1 h\u00e0o v\u1ec1 vi\u1ec7c cung c\u1ea5p cho kh\u00e1ch h\u00e0ng tr\u1ea3i nghi\u1ec7m \u0103n u\u1ed1ng \u0111\u1ed9c \u0111\u00e1o v\u00e0 th\u00fa v\u1ecb. Ch\u00fang t\u00f4i quan t\u00e2m \u0111\u1ebfn h\u01b0\u01a1ng v\u1ecb c\u1ee7a m\u00f3n \u0103n c\u0169ng nh\u01b0 cung c\u1ea5p cho kh\u00e1ch h\u00e0ng c\u00e1c d\u1ecbch v\u1ee5 n\u0103m sao [&hellip;]<\/p>\n","protected":false},"author":1,"featured_media":0,"parent":8219,"menu_order":0,"comment_status":"closed","ping_status":"closed","template":"","meta":[],"acf":[],"_links":{"self":[{"href":"https:\/\/celinaresort.com\/vi\/wp-json\/wp\/v2\/pages\/8229"}],"collection":[{"href":"https:\/\/celinaresort.com\/vi\/wp-json\/wp\/v2\/pages"}],"about":[{"href":"https:\/\/celinaresort.com\/vi\/wp-json\/wp\/v2\/types\/page"}],"author":[{"embeddable":true,"href":"https:\/\/celinaresort.com\/vi\/wp-json\/wp\/v2\/users\/1"}],"replies":[{"embeddable":true,"href":"https:\/\/celinaresort.com\/vi\/wp-json\/wp\/v2\/comments?post=8229"}],"version-history":[{"count":20,"href":"https:\/\/celinaresort.com\/vi\/wp-json\/wp\/v2\/pages\/8229\/revisions"}],"predecessor-version":[{"id":11339,"href":"https:\/\/celinaresort.com\/vi\/wp-json\/wp\/v2\/pages\/8229\/revisions\/11339"}],"up":[{"embeddable":true,"href":"https:\/\/celinaresort.com\/vi\/wp-json\/wp\/v2\/pages\/8219"}],"wp:attachment":[{"href":"https:\/\/celinaresort.com\/vi\/wp-json\/wp\/v2\/media?parent=8229"}],"curies":[{"name":"wp","href":"https:\/\/api.w.org\/{rel}","templated":true}]}}