{"id":8225,"date":"2021-03-28T04:27:19","date_gmt":"2021-03-27T21:27:19","guid":{"rendered":"http:\/\/celinaresort.com\/?page_id=8225"},"modified":"2024-12-06T20:32:36","modified_gmt":"2024-12-06T13:32:36","slug":"iris-bar-cafe","status":"publish","type":"page","link":"https:\/\/celinaresort.com\/vi\/dich-vu-am-thuc\/iris-bar-cafe","title":{"rendered":"Iris Bar &#038; Cafe"},"content":{"rendered":"\t\t<div data-elementor-type=\"wp-page\" data-elementor-id=\"8225\" class=\"elementor elementor-8225 elementor-6900\" data-elementor-post-type=\"page\">\n\t\t\t\t\t\t\t\t\t<section class=\"elementor-section elementor-top-section elementor-element elementor-element-a9b31f0 elementor-section-height-min-height elementor-section-stretched elementor-section-boxed elementor-section-height-default elementor-section-items-middle qodef-elementor-content-no\" data-id=\"a9b31f0\" data-element_type=\"section\" data-settings=\"{&quot;stretch_section&quot;:&quot;section-stretched&quot;,&quot;background_background&quot;:&quot;classic&quot;}\">\n\t\t\t\t\t\t\t<div class=\"elementor-background-overlay\"><\/div>\n\t\t\t\t\t\t\t<div class=\"elementor-container elementor-column-gap-default\">\n\t\t\t\t\t<div class=\"elementor-column elementor-col-100 elementor-top-column elementor-element elementor-element-677dddf\" data-id=\"677dddf\" data-element_type=\"column\">\n\t\t\t<div class=\"elementor-widget-wrap elementor-element-populated\">\n\t\t\t\t\t\t\t\t<div class=\"elementor-element elementor-element-086f174 elementor-widget elementor-widget-heading\" data-id=\"086f174\" data-element_type=\"widget\" data-widget_type=\"heading.default\">\n\t\t\t\t<div class=\"elementor-widget-container\">\n\t\t\t<h2 class=\"elementor-heading-title elementor-size-default\">IRIS BAR&amp;CAFE<\/h2>\t\t<\/div>\n\t\t\t\t<\/div>\n\t\t\t\t\t<\/div>\n\t\t<\/div>\n\t\t\t\t\t\t\t<\/div>\n\t\t<\/section>\n\t\t\t\t<section class=\"elementor-section elementor-top-section elementor-element elementor-element-87377c9 elementor-section-boxed elementor-section-height-default elementor-section-height-default qodef-elementor-content-no\" data-id=\"87377c9\" data-element_type=\"section\">\n\t\t\t\t\t\t<div class=\"elementor-container elementor-column-gap-default\">\n\t\t\t\t\t<div class=\"elementor-column elementor-col-100 elementor-top-column elementor-element elementor-element-3411d42\" data-id=\"3411d42\" data-element_type=\"column\">\n\t\t\t<div class=\"elementor-widget-wrap elementor-element-populated\">\n\t\t\t\t\t\t\t\t<div class=\"elementor-element elementor-element-96f9ea4 elementor-widget elementor-widget-html\" data-id=\"96f9ea4\" data-element_type=\"widget\" data-widget_type=\"html.default\">\n\t\t\t\t<div class=\"elementor-widget-container\">\n\t\t\t<!-- start Search form script -->\r\n<div id=\"block-search\">\r\n  <div id=\"be-search-form\" class=\"be-container\">\r\n    <a href=\"https:\/\/exely.com\/\" rel=\"nofollow noopener\" target=\"_blank\">Hotel management software<\/a>\r\n  <\/div>\r\n<\/div>\r\n<!-- end Search form script -->\t\t<\/div>\n\t\t\t\t<\/div>\n\t\t\t\t\t<\/div>\n\t\t<\/div>\n\t\t\t\t\t\t\t<\/div>\n\t\t<\/section>\n\t\t\t\t<section class=\"elementor-section elementor-top-section elementor-element elementor-element-890d1f9 elementor-section-boxed elementor-section-height-default elementor-section-height-default qodef-elementor-content-no\" data-id=\"890d1f9\" data-element_type=\"section\">\n\t\t\t\t\t\t<div class=\"elementor-container elementor-column-gap-default\">\n\t\t\t\t\t<div class=\"elementor-column elementor-col-100 elementor-top-column elementor-element elementor-element-0f26d39\" data-id=\"0f26d39\" data-element_type=\"column\">\n\t\t\t<div class=\"elementor-widget-wrap elementor-element-populated\">\n\t\t\t\t\t\t\t\t<div class=\"elementor-element elementor-element-0ac2971 elementor-widget elementor-widget-spacer\" data-id=\"0ac2971\" data-element_type=\"widget\" data-widget_type=\"spacer.default\">\n\t\t\t\t<div class=\"elementor-widget-container\">\n\t\t\t\t\t<div class=\"elementor-spacer\">\n\t\t\t<div class=\"elementor-spacer-inner\"><\/div>\n\t\t<\/div>\n\t\t\t\t<\/div>\n\t\t\t\t<\/div>\n\t\t\t\t<div class=\"elementor-element elementor-element-318e0c6 elementor-widget elementor-widget-heading\" data-id=\"318e0c6\" data-element_type=\"widget\" data-widget_type=\"heading.default\">\n\t\t\t\t<div class=\"elementor-widget-container\">\n\t\t\t<h2 class=\"elementor-heading-title elementor-size-default\">KI\u1ebeN TR\u00daC TRUY\u1ec0N TH\u1ed0NG \u0110\u1ed8C \u0110\u00c1O<\/h2>\t\t<\/div>\n\t\t\t\t<\/div>\n\t\t\t\t<section class=\"elementor-section elementor-inner-section elementor-element elementor-element-f9cee38 elementor-section-content-middle elementor-section-boxed elementor-section-height-default elementor-section-height-default qodef-elementor-content-no\" data-id=\"f9cee38\" data-element_type=\"section\">\n\t\t\t\t\t\t<div class=\"elementor-container elementor-column-gap-default\">\n\t\t\t\t\t<div class=\"elementor-column elementor-col-50 elementor-inner-column elementor-element elementor-element-d7c3843\" data-id=\"d7c3843\" data-element_type=\"column\">\n\t\t\t<div class=\"elementor-widget-wrap elementor-element-populated\">\n\t\t\t\t\t\t\t\t<div class=\"elementor-element elementor-element-497748c elementor-widget elementor-widget-image\" data-id=\"497748c\" data-element_type=\"widget\" data-widget_type=\"image.default\">\n\t\t\t\t<div class=\"elementor-widget-container\">\n\t\t\t\t\t\t\t\t\t\t\t\t\t\t\t<img decoding=\"async\" width=\"650\" height=\"650\" src=\"https:\/\/celinaresort.com\/wp-content\/uploads\/2021\/03\/3A7A1620-1-650x650.jpg\" class=\"attachment-alloggio_image_size_square size-alloggio_image_size_square wp-image-7693\" alt=\"\" loading=\"lazy\" srcset=\"https:\/\/celinaresort.com\/wp-content\/uploads\/2021\/03\/3A7A1620-1-650x650.jpg 650w, https:\/\/celinaresort.com\/wp-content\/uploads\/2021\/03\/3A7A1620-1-150x150.jpg 150w, https:\/\/celinaresort.com\/wp-content\/uploads\/2021\/03\/3A7A1620-1-1300x1300.jpg 1300w, https:\/\/celinaresort.com\/wp-content\/uploads\/2021\/03\/3A7A1620-1-300x300.jpg 300w, https:\/\/celinaresort.com\/wp-content\/uploads\/2021\/03\/3A7A1620-1-100x100.jpg 100w\" sizes=\"(max-width: 650px) 100vw, 650px\" \/>\t\t\t\t\t\t\t\t\t\t\t\t\t\t\t<\/div>\n\t\t\t\t<\/div>\n\t\t\t\t\t<\/div>\n\t\t<\/div>\n\t\t\t\t<div class=\"elementor-column elementor-col-50 elementor-inner-column elementor-element elementor-element-36cff35\" data-id=\"36cff35\" data-element_type=\"column\">\n\t\t\t<div class=\"elementor-widget-wrap elementor-element-populated\">\n\t\t\t\t\t\t\t\t<div class=\"elementor-element elementor-element-c474617 elementor-widget elementor-widget-text-editor\" data-id=\"c474617\" data-element_type=\"widget\" data-widget_type=\"text-editor.default\">\n\t\t\t\t<div class=\"elementor-widget-container\">\n\t\t\t\t\t\t\t<p>Iris Bar&amp;Cafe \u0111\u01b0\u1ee3c thi\u1ebft k\u1ebf b\u1eb1ng tre n\u1ee9a c\u00f9ng v\u1edbi ki\u1ebfn tr\u00fac t\u1ed1i gi\u1ea3n, kh\u00f4ng gian qu\u00e1n bar lu\u00f4n tr\u00e0n ng\u1eadp \u00e1nh s\u00e1ng v\u00e0 \u0111\u01b0\u1ee3c bao quanh b\u1edfi nh\u1eefng h\u00e0ng d\u1eeba xanh m\u01b0\u1edbt. T\u1ea1i v\u1ecb tr\u00ed xinh \u0111\u1eb9p n\u00e0y b\u1ea1n s\u1ebd c\u00f3 m\u1ed9t c\u00e1i nh\u00ecn tho\u00e1ng ra c\u1ea3 khu v\u01b0\u1eddn<\/p>\t\t\t\t\t\t<\/div>\n\t\t\t\t<\/div>\n\t\t\t\t\t<\/div>\n\t\t<\/div>\n\t\t\t\t\t\t\t<\/div>\n\t\t<\/section>\n\t\t\t\t<section class=\"elementor-section elementor-inner-section elementor-element elementor-element-d84a605 elementor-section-content-middle elementor-reverse-mobile elementor-section-boxed elementor-section-height-default elementor-section-height-default qodef-elementor-content-no\" data-id=\"d84a605\" data-element_type=\"section\">\n\t\t\t\t\t\t<div class=\"elementor-container elementor-column-gap-default\">\n\t\t\t\t\t<div class=\"elementor-column elementor-col-50 elementor-inner-column elementor-element elementor-element-e228eff\" data-id=\"e228eff\" data-element_type=\"column\">\n\t\t\t<div class=\"elementor-widget-wrap elementor-element-populated\">\n\t\t\t\t\t\t\t\t<div class=\"elementor-element elementor-element-60824cb elementor-widget elementor-widget-text-editor\" data-id=\"60824cb\" data-element_type=\"widget\" data-widget_type=\"text-editor.default\">\n\t\t\t\t<div class=\"elementor-widget-container\">\n\t\t\t\t\t\t\t<p>C\u00f9ng nhau th\u01b0\u1edfng th\u1ee9c nhi\u1ec1u lo\u1ea1i kem m\u00e1t, \u0111\u1ed3 \u0103n nh\u1eb9 ngon mi\u1ec7ng v\u00e0 n\u01b0\u1edbc tr\u00e1i c\u00e2y b\u1ed5 d\u01b0\u1ee1ng h\u1ea5p d\u1eabn trong b\u1ea7u kh\u00f4ng kh\u00ed tho\u1ea3i m\u00e1i n\u00e0y nh\u00e9.<\/p>\t\t\t\t\t\t<\/div>\n\t\t\t\t<\/div>\n\t\t\t\t<div class=\"elementor-element elementor-element-0ab06af elementor-widget elementor-widget-text-editor\" data-id=\"0ab06af\" data-element_type=\"widget\" data-widget_type=\"text-editor.default\">\n\t\t\t\t<div class=\"elementor-widget-container\">\n\t\t\t\t\t\t\t\t\t\t\t\t\t<\/div>\n\t\t\t\t<\/div>\n\t\t\t\t\t<\/div>\n\t\t<\/div>\n\t\t\t\t<div class=\"elementor-column elementor-col-50 elementor-inner-column elementor-element elementor-element-ad52945\" data-id=\"ad52945\" data-element_type=\"column\">\n\t\t\t<div class=\"elementor-widget-wrap elementor-element-populated\">\n\t\t\t\t\t\t\t\t<div class=\"elementor-element elementor-element-9cae4ea elementor-widget elementor-widget-image\" data-id=\"9cae4ea\" data-element_type=\"widget\" data-widget_type=\"image.default\">\n\t\t\t\t<div class=\"elementor-widget-container\">\n\t\t\t\t\t\t\t\t\t\t\t\t\t\t\t<img decoding=\"async\" width=\"620\" height=\"650\" src=\"https:\/\/celinaresort.com\/wp-content\/uploads\/2021\/03\/111111-620x650.jpg\" class=\"attachment-alloggio_image_size_square size-alloggio_image_size_square wp-image-7981\" alt=\"\" loading=\"lazy\" \/>\t\t\t\t\t\t\t\t\t\t\t\t\t\t\t<\/div>\n\t\t\t\t<\/div>\n\t\t\t\t\t<\/div>\n\t\t<\/div>\n\t\t\t\t\t\t\t<\/div>\n\t\t<\/section>\n\t\t\t\t<div class=\"elementor-element elementor-element-2944443 elementor-widget elementor-widget-spacer\" data-id=\"2944443\" data-element_type=\"widget\" data-widget_type=\"spacer.default\">\n\t\t\t\t<div class=\"elementor-widget-container\">\n\t\t\t\t\t<div class=\"elementor-spacer\">\n\t\t\t<div class=\"elementor-spacer-inner\"><\/div>\n\t\t<\/div>\n\t\t\t\t<\/div>\n\t\t\t\t<\/div>\n\t\t\t\t\t<\/div>\n\t\t<\/div>\n\t\t\t\t\t\t\t<\/div>\n\t\t<\/section>\n\t\t\t\t<section class=\"elementor-section elementor-top-section elementor-element elementor-element-e3a3d7b elementor-section-full_width elementor-section-height-min-height elementor-section-stretched elementor-section-height-default elementor-section-items-middle qodef-elementor-content-no\" data-id=\"e3a3d7b\" data-element_type=\"section\" data-settings=\"{&quot;stretch_section&quot;:&quot;section-stretched&quot;,&quot;background_background&quot;:&quot;classic&quot;}\">\n\t\t\t\t\t\t\t<div class=\"elementor-background-overlay\"><\/div>\n\t\t\t\t\t\t\t<div class=\"elementor-container elementor-column-gap-no\">\n\t\t\t\t\t<div class=\"elementor-column elementor-col-100 elementor-top-column elementor-element elementor-element-238c93a\" data-id=\"238c93a\" data-element_type=\"column\">\n\t\t\t<div class=\"elementor-widget-wrap elementor-element-populated\">\n\t\t\t\t\t\t\t\t<div class=\"elementor-element elementor-element-cd0a061 elementor-widget elementor-widget-heading\" data-id=\"cd0a061\" data-element_type=\"widget\" data-widget_type=\"heading.default\">\n\t\t\t\t<div class=\"elementor-widget-container\">\n\t\t\t<h2 class=\"elementor-heading-title elementor-size-default\">Long held traditions and new beginnings<\/h2>\t\t<\/div>\n\t\t\t\t<\/div>\n\t\t\t\t\t<\/div>\n\t\t<\/div>\n\t\t\t\t\t\t\t<\/div>\n\t\t<\/section>\n\t\t\t\t<section class=\"elementor-section elementor-top-section elementor-element elementor-element-21fcc42 elementor-section-boxed elementor-section-height-default elementor-section-height-default qodef-elementor-content-no\" data-id=\"21fcc42\" data-element_type=\"section\">\n\t\t\t\t\t\t<div class=\"elementor-container elementor-column-gap-default\">\n\t\t\t\t\t<div class=\"elementor-column elementor-col-100 elementor-top-column elementor-element elementor-element-b4e8e8d\" data-id=\"b4e8e8d\" data-element_type=\"column\">\n\t\t\t<div class=\"elementor-widget-wrap elementor-element-populated\">\n\t\t\t\t\t\t\t\t<div class=\"elementor-element elementor-element-e8d5f6f elementor-widget elementor-widget-heading\" data-id=\"e8d5f6f\" data-element_type=\"widget\" data-widget_type=\"heading.default\">\n\t\t\t\t<div class=\"elementor-widget-container\">\n\t\t\t<h2 class=\"elementor-heading-title elementor-size-default\">ULTIMATE DRINKING EXPERIENCE<br> LIKE NO OTHER<\/h2>\t\t<\/div>\n\t\t\t\t<\/div>\n\t\t\t\t<div class=\"elementor-element elementor-element-d20b651 gallery-item  elementor-widget elementor-widget-alloggio_core_image_gallery\" data-id=\"d20b651\" data-element_type=\"widget\" data-widget_type=\"alloggio_core_image_gallery.default\">\n\t\t\t\t<div class=\"elementor-widget-container\">\n\t\t\t<div class=\"qodef-shortcode qodef-m  qodef-image-gallery qodef-magnific-popup qodef-popup-gallery     qodef-grid qodef-layout--columns  qodef-gutter--small qodef-col-num--3  qodef-responsive--predefined\">\n    <div class=\"qodef-grid-inner clear\">\n\t\t<div class=\"qodef-e qodef-image-wrapper qodef-grid-item\">\n\t\t\t<a class=\"qodef-popup-item\" itemprop=\"image\" href=\"https:\/\/celinaresort.com\/wp-content\/uploads\/2021\/03\/IMG_2121-scaled.jpeg\" data-type=\"image\" title=\"\">\n\t\t\t<img decoding=\"async\" loading=\"lazy\" src=\"https:\/\/celinaresort.com\/wp-content\/uploads\/2021\/03\/IMG_2121-scaled-407x500.jpeg\" alt=\"\" width=\"407\" height=\"500\" \/>\t\t\t<\/a>\n\t<\/div><div class=\"qodef-e qodef-image-wrapper qodef-grid-item\">\n\t\t\t<a class=\"qodef-popup-item\" itemprop=\"image\" href=\"https:\/\/celinaresort.com\/wp-content\/uploads\/2021\/03\/13-scaled.jpg\" data-type=\"image\" title=\"\">\n\t\t\t<img decoding=\"async\" loading=\"lazy\" src=\"https:\/\/celinaresort.com\/wp-content\/uploads\/2021\/03\/13-scaled-407x500.jpg\" alt=\"\" width=\"407\" height=\"500\" \/>\t\t\t<\/a>\n\t<\/div><div class=\"qodef-e qodef-image-wrapper qodef-grid-item\">\n\t\t\t<a class=\"qodef-popup-item\" itemprop=\"image\" href=\"https:\/\/celinaresort.com\/wp-content\/uploads\/2021\/03\/hoa-su\u0301ng-3-1.jpg\" data-type=\"image\" title=\"\">\n\t\t\t<img decoding=\"async\" loading=\"lazy\" src=\"https:\/\/celinaresort.com\/wp-content\/uploads\/2021\/03\/hoa-su\u0301ng-3-1-407x500.jpg\" alt=\"\" width=\"407\" height=\"500\" \/>\t\t\t<\/a>\n\t<\/div>    <\/div>\n<\/div>\t\t<\/div>\n\t\t\t\t<\/div>\n\t\t\t\t<div class=\"elementor-element elementor-element-6e7c88a elementor-widget elementor-widget-text-editor\" data-id=\"6e7c88a\" data-element_type=\"widget\" data-widget_type=\"text-editor.default\">\n\t\t\t\t<div class=\"elementor-widget-container\">\n\t\t\t\t\t\t\t\t\t\t\t\t\t<\/div>\n\t\t\t\t<\/div>\n\t\t\t\t\t<\/div>\n\t\t<\/div>\n\t\t\t\t\t\t\t<\/div>\n\t\t<\/section>\n\t\t\t\t\t\t\t<\/div>\n\t\t","protected":false},"excerpt":{"rendered":"<p>IRIS BAR&amp;CAFE Hotel management software KI\u1ebeN TR\u00daC TRUY\u1ec0N TH\u1ed0NG \u0110\u1ed8C \u0110\u00c1O Iris Bar&amp;Cafe \u0111\u01b0\u1ee3c thi\u1ebft k\u1ebf b\u1eb1ng tre n\u1ee9a c\u00f9ng v\u1edbi ki\u1ebfn tr\u00fac t\u1ed1i gi\u1ea3n, kh\u00f4ng gian qu\u00e1n bar lu\u00f4n tr\u00e0n ng\u1eadp \u00e1nh s\u00e1ng v\u00e0 \u0111\u01b0\u1ee3c bao quanh b\u1edfi nh\u1eefng h\u00e0ng d\u1eeba xanh m\u01b0\u1edbt. T\u1ea1i v\u1ecb tr\u00ed xinh \u0111\u1eb9p n\u00e0y b\u1ea1n s\u1ebd c\u00f3 m\u1ed9t c\u00e1i [&hellip;]<\/p>\n","protected":false},"author":1,"featured_media":0,"parent":8219,"menu_order":0,"comment_status":"closed","ping_status":"closed","template":"","meta":[],"acf":[],"_links":{"self":[{"href":"https:\/\/celinaresort.com\/vi\/wp-json\/wp\/v2\/pages\/8225"}],"collection":[{"href":"https:\/\/celinaresort.com\/vi\/wp-json\/wp\/v2\/pages"}],"about":[{"href":"https:\/\/celinaresort.com\/vi\/wp-json\/wp\/v2\/types\/page"}],"author":[{"embeddable":true,"href":"https:\/\/celinaresort.com\/vi\/wp-json\/wp\/v2\/users\/1"}],"replies":[{"embeddable":true,"href":"https:\/\/celinaresort.com\/vi\/wp-json\/wp\/v2\/comments?post=8225"}],"version-history":[{"count":10,"href":"https:\/\/celinaresort.com\/vi\/wp-json\/wp\/v2\/pages\/8225\/revisions"}],"predecessor-version":[{"id":11333,"href":"https:\/\/celinaresort.com\/vi\/wp-json\/wp\/v2\/pages\/8225\/revisions\/11333"}],"up":[{"embeddable":true,"href":"https:\/\/celinaresort.com\/vi\/wp-json\/wp\/v2\/pages\/8219"}],"wp:attachment":[{"href":"https:\/\/celinaresort.com\/vi\/wp-json\/wp\/v2\/media?parent=8225"}],"curies":[{"name":"wp","href":"https:\/\/api.w.org\/{rel}","templated":true}]}}