{"id":8222,"date":"2021-03-28T03:59:11","date_gmt":"2021-03-27T20:59:11","guid":{"rendered":"http:\/\/celinaresort.com\/?page_id=8222"},"modified":"2024-12-06T20:32:07","modified_gmt":"2024-12-06T13:32:07","slug":"camila-restaurant","status":"publish","type":"page","link":"https:\/\/celinaresort.com\/vi\/dich-vu-am-thuc\/camila-restaurant","title":{"rendered":"Camila Restaurant"},"content":{"rendered":"\t\t<div data-elementor-type=\"wp-page\" data-elementor-id=\"8222\" class=\"elementor elementor-8222 elementor-6815\" data-elementor-post-type=\"page\">\n\t\t\t\t\t\t\t\t\t<section class=\"elementor-section elementor-top-section elementor-element elementor-element-7b8d77b elementor-section-height-min-height elementor-section-stretched elementor-section-boxed elementor-section-height-default elementor-section-items-middle qodef-elementor-content-no\" data-id=\"7b8d77b\" data-element_type=\"section\" data-settings=\"{&quot;stretch_section&quot;:&quot;section-stretched&quot;,&quot;background_background&quot;:&quot;classic&quot;}\">\n\t\t\t\t\t\t\t<div class=\"elementor-background-overlay\"><\/div>\n\t\t\t\t\t\t\t<div class=\"elementor-container elementor-column-gap-default\">\n\t\t\t\t\t<div class=\"elementor-column elementor-col-100 elementor-top-column elementor-element elementor-element-3445787\" data-id=\"3445787\" data-element_type=\"column\">\n\t\t\t<div class=\"elementor-widget-wrap elementor-element-populated\">\n\t\t\t\t\t\t\t\t<div class=\"elementor-element elementor-element-048d3ca elementor-widget elementor-widget-heading\" data-id=\"048d3ca\" data-element_type=\"widget\" data-widget_type=\"heading.default\">\n\t\t\t\t<div class=\"elementor-widget-container\">\n\t\t\t<h2 class=\"elementor-heading-title elementor-size-default\">Dining<\/h2>\t\t<\/div>\n\t\t\t\t<\/div>\n\t\t\t\t<div class=\"elementor-element elementor-element-b7b457b elementor-widget elementor-widget-heading\" data-id=\"b7b457b\" data-element_type=\"widget\" data-widget_type=\"heading.default\">\n\t\t\t\t<div class=\"elementor-widget-container\">\n\t\t\t<h2 class=\"elementor-heading-title elementor-size-default\">Marina Restaurant<\/h2>\t\t<\/div>\n\t\t\t\t<\/div>\n\t\t\t\t\t<\/div>\n\t\t<\/div>\n\t\t\t\t\t\t\t<\/div>\n\t\t<\/section>\n\t\t\t\t<section class=\"elementor-section elementor-top-section elementor-element elementor-element-4045476 elementor-section-boxed elementor-section-height-default elementor-section-height-default qodef-elementor-content-no\" data-id=\"4045476\" data-element_type=\"section\">\n\t\t\t\t\t\t<div class=\"elementor-container elementor-column-gap-default\">\n\t\t\t\t\t<div class=\"elementor-column elementor-col-100 elementor-top-column elementor-element elementor-element-82a7ddf\" data-id=\"82a7ddf\" data-element_type=\"column\">\n\t\t\t<div class=\"elementor-widget-wrap elementor-element-populated\">\n\t\t\t\t\t\t\t\t<div class=\"elementor-element elementor-element-109a61a elementor-widget elementor-widget-html\" data-id=\"109a61a\" data-element_type=\"widget\" data-widget_type=\"html.default\">\n\t\t\t\t<div class=\"elementor-widget-container\">\n\t\t\t<!-- start Search form script -->\r\n<div id=\"block-search\">\r\n  <div id=\"be-search-form\" class=\"be-container\">\r\n    <a href=\"https:\/\/exely.com\/\" rel=\"nofollow noopener\" target=\"_blank\">Hotel management software<\/a>\r\n  <\/div>\r\n<\/div>\r\n<!-- end Search form script -->\t\t<\/div>\n\t\t\t\t<\/div>\n\t\t\t\t\t<\/div>\n\t\t<\/div>\n\t\t\t\t\t\t\t<\/div>\n\t\t<\/section>\n\t\t\t\t<section class=\"elementor-section elementor-top-section elementor-element elementor-element-30ef6ab elementor-section-boxed elementor-section-height-default elementor-section-height-default qodef-elementor-content-no\" data-id=\"30ef6ab\" data-element_type=\"section\">\n\t\t\t\t\t\t<div class=\"elementor-container elementor-column-gap-default\">\n\t\t\t\t\t<div class=\"elementor-column elementor-col-100 elementor-top-column elementor-element elementor-element-c7744f5\" data-id=\"c7744f5\" data-element_type=\"column\">\n\t\t\t<div class=\"elementor-widget-wrap elementor-element-populated\">\n\t\t\t\t\t\t\t\t<div class=\"elementor-element elementor-element-9d31c4e elementor-widget elementor-widget-spacer\" data-id=\"9d31c4e\" data-element_type=\"widget\" data-widget_type=\"spacer.default\">\n\t\t\t\t<div class=\"elementor-widget-container\">\n\t\t\t\t\t<div class=\"elementor-spacer\">\n\t\t\t<div class=\"elementor-spacer-inner\"><\/div>\n\t\t<\/div>\n\t\t\t\t<\/div>\n\t\t\t\t<\/div>\n\t\t\t\t<div class=\"elementor-element elementor-element-c791dc6 elementor-widget elementor-widget-heading\" data-id=\"c791dc6\" data-element_type=\"widget\" data-widget_type=\"heading.default\">\n\t\t\t\t<div class=\"elementor-widget-container\">\n\t\t\t<h2 class=\"elementor-heading-title elementor-size-default\">Marina Restaurant<\/h2>\t\t<\/div>\n\t\t\t\t<\/div>\n\t\t\t\t<section class=\"elementor-section elementor-inner-section elementor-element elementor-element-c740afb elementor-section-content-middle elementor-section-boxed elementor-section-height-default elementor-section-height-default qodef-elementor-content-no\" data-id=\"c740afb\" data-element_type=\"section\">\n\t\t\t\t\t\t<div class=\"elementor-container elementor-column-gap-default\">\n\t\t\t\t\t<div class=\"elementor-column elementor-col-50 elementor-inner-column elementor-element elementor-element-1a34b53\" data-id=\"1a34b53\" data-element_type=\"column\">\n\t\t\t<div class=\"elementor-widget-wrap elementor-element-populated\">\n\t\t\t\t\t\t\t\t<div class=\"elementor-element elementor-element-b12a8cd elementor-widget elementor-widget-image\" data-id=\"b12a8cd\" data-element_type=\"widget\" data-widget_type=\"image.default\">\n\t\t\t\t<div class=\"elementor-widget-container\">\n\t\t\t\t\t\t\t\t\t\t\t\t\t\t\t<img decoding=\"async\" width=\"650\" height=\"650\" src=\"https:\/\/celinaresort.com\/wp-content\/uploads\/2021\/03\/vn-650x650.jpeg\" class=\"attachment-alloggio_image_size_square size-alloggio_image_size_square wp-image-7971\" alt=\"\" loading=\"lazy\" srcset=\"https:\/\/celinaresort.com\/wp-content\/uploads\/2021\/03\/vn-650x650.jpeg 650w, https:\/\/celinaresort.com\/wp-content\/uploads\/2021\/03\/vn-150x150.jpeg 150w, https:\/\/celinaresort.com\/wp-content\/uploads\/2021\/03\/vn-300x300.jpeg 300w, https:\/\/celinaresort.com\/wp-content\/uploads\/2021\/03\/vn-100x100.jpeg 100w\" sizes=\"(max-width: 650px) 100vw, 650px\" \/>\t\t\t\t\t\t\t\t\t\t\t\t\t\t\t<\/div>\n\t\t\t\t<\/div>\n\t\t\t\t\t<\/div>\n\t\t<\/div>\n\t\t\t\t<div class=\"elementor-column elementor-col-50 elementor-inner-column elementor-element elementor-element-c7b0b03\" data-id=\"c7b0b03\" data-element_type=\"column\">\n\t\t\t<div class=\"elementor-widget-wrap elementor-element-populated\">\n\t\t\t\t\t\t\t\t<div class=\"elementor-element elementor-element-96599fa elementor-widget elementor-widget-text-editor\" data-id=\"96599fa\" data-element_type=\"widget\" data-widget_type=\"text-editor.default\">\n\t\t\t\t<div class=\"elementor-widget-container\">\n\t\t\t\t\t\t\t<p>Nh\u00e0 h\u00e0ng Marina cung c\u1ea5p kh\u00f4ng gian cho 350 kh\u00e1ch b\u00ean trong v\u00e0 100 kh\u00e1ch b\u00ean ngo\u00e0i, n\u01a1i m\u00e0 b\u1ea1n c\u00f3 th\u1ec3 th\u01b0\u1edfng th\u1ee9c b\u1eefa \u0103n ngon v\u00e0 t\u1eadn h\u01b0\u1edfng quang c\u1ea3nh c\u1ee7a h\u1ed3 b\u01a1i.<\/p>\t\t\t\t\t\t<\/div>\n\t\t\t\t<\/div>\n\t\t\t\t\t<\/div>\n\t\t<\/div>\n\t\t\t\t\t\t\t<\/div>\n\t\t<\/section>\n\t\t\t\t<section class=\"elementor-section elementor-inner-section elementor-element elementor-element-812ca92 elementor-section-content-middle elementor-reverse-mobile elementor-section-boxed elementor-section-height-default elementor-section-height-default qodef-elementor-content-no\" data-id=\"812ca92\" data-element_type=\"section\">\n\t\t\t\t\t\t<div class=\"elementor-container elementor-column-gap-default\">\n\t\t\t\t\t<div class=\"elementor-column elementor-col-50 elementor-inner-column elementor-element elementor-element-f7de6e9\" data-id=\"f7de6e9\" data-element_type=\"column\">\n\t\t\t<div class=\"elementor-widget-wrap elementor-element-populated\">\n\t\t\t\t\t\t\t\t<div class=\"elementor-element elementor-element-bdaf275 elementor-widget elementor-widget-text-editor\" data-id=\"bdaf275\" data-element_type=\"widget\" data-widget_type=\"text-editor.default\">\n\t\t\t\t<div class=\"elementor-widget-container\">\n\t\t\t\t\t\t\t<p><span style=\"color: #000000;\">Nh\u00e0 h\u00e0ng Marina chuy\u00ean ph\u1ee5c v\u1ee5 c\u00e1c m\u00f3n \u0103n Vi\u1ec7t Nam cho nh\u1eefng ai mu\u1ed1n th\u01b0\u1edfng th\u1ee9c h\u01b0\u01a1ng v\u1ecb nh\u01b0 \u1edf nh\u00e0. N\u1ebfu b\u1ea1n \u0111ang mu\u1ed1n \u0103n u\u1ed1ng cao c\u1ea5p v\u00e0 tr\u1ea3i nghi\u1ec7m nh\u00e0 h\u00e0ng l\u00e3ng m\u1ea1n, Marina c\u0169ng l\u00e0 m\u1ed9t l\u1ef1a ch\u1ecdn t\u1ed1t. L\u1ea5y c\u1ea3m h\u1ee9ng t\u1eeb T\u00e2y \u00c2u. Nh\u00e0 h\u00e0ng cao c\u1ea5p c\u1ee7a ch\u00fang t\u00f4i \u0111\u00f3n nh\u1eadn s\u1ef1 \u0111a d\u1ea1ng v\u1ec1 \u1ea9m th\u1ef1c t\u1eeb kh\u1eafp n\u01a1i tr\u00ean th\u1ebf gi\u1edbi.<\/span><\/p>\t\t\t\t\t\t<\/div>\n\t\t\t\t<\/div>\n\t\t\t\t\t<\/div>\n\t\t<\/div>\n\t\t\t\t<div class=\"elementor-column elementor-col-50 elementor-inner-column elementor-element elementor-element-f78bf0a\" data-id=\"f78bf0a\" data-element_type=\"column\">\n\t\t\t<div class=\"elementor-widget-wrap elementor-element-populated\">\n\t\t\t\t\t\t\t\t<div class=\"elementor-element elementor-element-4a55927 elementor-widget elementor-widget-image\" data-id=\"4a55927\" data-element_type=\"widget\" data-widget_type=\"image.default\">\n\t\t\t\t<div class=\"elementor-widget-container\">\n\t\t\t\t\t\t\t\t\t\t\t\t\t\t\t<img decoding=\"async\" width=\"620\" height=\"390\" src=\"https:\/\/celinaresort.com\/wp-content\/uploads\/2021\/03\/07_restaurant_food_catering_2-min.jpg\" class=\"attachment-alloggio_image_size_square size-alloggio_image_size_square wp-image-6823\" alt=\"\" loading=\"lazy\" srcset=\"https:\/\/celinaresort.com\/wp-content\/uploads\/2021\/03\/07_restaurant_food_catering_2-min.jpg 620w, https:\/\/celinaresort.com\/wp-content\/uploads\/2021\/03\/07_restaurant_food_catering_2-min-300x189.jpg 300w, https:\/\/celinaresort.com\/wp-content\/uploads\/2021\/03\/07_restaurant_food_catering_2-min-600x377.jpg 600w\" sizes=\"(max-width: 620px) 100vw, 620px\" \/>\t\t\t\t\t\t\t\t\t\t\t\t\t\t\t<\/div>\n\t\t\t\t<\/div>\n\t\t\t\t\t<\/div>\n\t\t<\/div>\n\t\t\t\t\t\t\t<\/div>\n\t\t<\/section>\n\t\t\t\t<div class=\"elementor-element elementor-element-9b7d5b9 elementor-widget elementor-widget-spacer\" data-id=\"9b7d5b9\" data-element_type=\"widget\" data-widget_type=\"spacer.default\">\n\t\t\t\t<div class=\"elementor-widget-container\">\n\t\t\t\t\t<div class=\"elementor-spacer\">\n\t\t\t<div class=\"elementor-spacer-inner\"><\/div>\n\t\t<\/div>\n\t\t\t\t<\/div>\n\t\t\t\t<\/div>\n\t\t\t\t\t<\/div>\n\t\t<\/div>\n\t\t\t\t\t\t\t<\/div>\n\t\t<\/section>\n\t\t\t\t<section class=\"elementor-section elementor-top-section elementor-element elementor-element-860896d elementor-section-boxed elementor-section-height-default elementor-section-height-default qodef-elementor-content-no\" data-id=\"860896d\" data-element_type=\"section\">\n\t\t\t\t\t\t<div class=\"elementor-container elementor-column-gap-default\">\n\t\t\t\t\t<div class=\"elementor-column elementor-col-100 elementor-top-column elementor-element elementor-element-4a2b3fe\" data-id=\"4a2b3fe\" data-element_type=\"column\">\n\t\t\t<div class=\"elementor-widget-wrap elementor-element-populated\">\n\t\t\t\t\t\t\t\t<div class=\"elementor-element elementor-element-874dd30 elementor-widget elementor-widget-heading\" data-id=\"874dd30\" data-element_type=\"widget\" data-widget_type=\"heading.default\">\n\t\t\t\t<div class=\"elementor-widget-container\">\n\t\t\t<h2 class=\"elementor-heading-title elementor-size-default\">TR\u1ea2I NGHI\u1ec6M \u1ea8M TH\u1ef0C<\/h2>\t\t<\/div>\n\t\t\t\t<\/div>\n\t\t\t\t<div class=\"elementor-element elementor-element-5953d94 gallery-item  elementor-widget elementor-widget-alloggio_core_image_gallery\" data-id=\"5953d94\" data-element_type=\"widget\" data-widget_type=\"alloggio_core_image_gallery.default\">\n\t\t\t\t<div class=\"elementor-widget-container\">\n\t\t\t<div class=\"qodef-shortcode qodef-m  qodef-image-gallery qodef-magnific-popup qodef-popup-gallery     qodef-grid qodef-layout--columns  qodef-gutter--small qodef-col-num--3  qodef-responsive--predefined\">\n    <div class=\"qodef-grid-inner clear\">\n\t\t<div class=\"qodef-e qodef-image-wrapper qodef-grid-item\">\n\t\t\t<a class=\"qodef-popup-item\" itemprop=\"image\" href=\"https:\/\/celinaresort.com\/wp-content\/uploads\/2021\/03\/892A1424-scaled.jpeg\" data-type=\"image\" title=\"\">\n\t\t\t<img decoding=\"async\" loading=\"lazy\" src=\"https:\/\/celinaresort.com\/wp-content\/uploads\/2021\/03\/892A1424-scaled-407x500.jpeg\" alt=\"\" width=\"407\" height=\"500\" \/>\t\t\t<\/a>\n\t<\/div><div class=\"qodef-e qodef-image-wrapper qodef-grid-item\">\n\t\t\t<a class=\"qodef-popup-item\" itemprop=\"image\" href=\"https:\/\/celinaresort.com\/wp-content\/uploads\/2021\/03\/f3-1.jpeg\" data-type=\"image\" title=\"\">\n\t\t\t<img decoding=\"async\" loading=\"lazy\" src=\"https:\/\/celinaresort.com\/wp-content\/uploads\/2021\/03\/f3-1-407x500.jpeg\" alt=\"\" width=\"407\" height=\"500\" \/>\t\t\t<\/a>\n\t<\/div><div class=\"qodef-e qodef-image-wrapper qodef-grid-item\">\n\t\t\t<a class=\"qodef-popup-item\" itemprop=\"image\" href=\"https:\/\/celinaresort.com\/wp-content\/uploads\/2021\/03\/892A1376-scaled.jpeg\" data-type=\"image\" title=\"\">\n\t\t\t<img decoding=\"async\" loading=\"lazy\" src=\"https:\/\/celinaresort.com\/wp-content\/uploads\/2021\/03\/892A1376-scaled-407x500.jpeg\" alt=\"\" width=\"407\" height=\"500\" \/>\t\t\t<\/a>\n\t<\/div><div class=\"qodef-e qodef-image-wrapper qodef-grid-item\">\n\t\t\t<a class=\"qodef-popup-item\" itemprop=\"image\" href=\"https:\/\/celinaresort.com\/wp-content\/uploads\/2021\/03\/f1.jpeg\" data-type=\"image\" title=\"\">\n\t\t\t<img decoding=\"async\" loading=\"lazy\" src=\"https:\/\/celinaresort.com\/wp-content\/uploads\/2021\/03\/f1-407x500.jpeg\" alt=\"\" width=\"407\" height=\"500\" \/>\t\t\t<\/a>\n\t<\/div><div class=\"qodef-e qodef-image-wrapper qodef-grid-item\">\n\t\t\t<a class=\"qodef-popup-item\" itemprop=\"image\" href=\"https:\/\/celinaresort.com\/wp-content\/uploads\/2021\/03\/f4.jpeg\" data-type=\"image\" title=\"\">\n\t\t\t<img decoding=\"async\" loading=\"lazy\" src=\"https:\/\/celinaresort.com\/wp-content\/uploads\/2021\/03\/f4-407x500.jpeg\" alt=\"\" width=\"407\" height=\"500\" \/>\t\t\t<\/a>\n\t<\/div><div class=\"qodef-e qodef-image-wrapper qodef-grid-item\">\n\t\t\t<a class=\"qodef-popup-item\" itemprop=\"image\" href=\"https:\/\/celinaresort.com\/wp-content\/uploads\/2021\/03\/f5.jpeg\" data-type=\"image\" title=\"\">\n\t\t\t<img decoding=\"async\" loading=\"lazy\" src=\"https:\/\/celinaresort.com\/wp-content\/uploads\/2021\/03\/f5-407x500.jpeg\" alt=\"\" width=\"407\" height=\"500\" \/>\t\t\t<\/a>\n\t<\/div>    <\/div>\n<\/div>\t\t<\/div>\n\t\t\t\t<\/div>\n\t\t\t\t<div class=\"elementor-element elementor-element-84aed99 elementor-widget elementor-widget-text-editor\" data-id=\"84aed99\" data-element_type=\"widget\" data-widget_type=\"text-editor.default\">\n\t\t\t\t<div class=\"elementor-widget-container\">\n\t\t\t\t\t\t\t<p>Th\u1eddi gian m\u1edf c\u1eeda:<\/p><p>B\u1eefa s\u00e1ng t\u1ef1 ch\u1ecdn: 6H30 S\u00c1NG: 10H00 S\u00c1NG<\/p><p>B\u1eefa tr\u01b0a: 11H30 S\u00c1NG: 2H00 CHI\u1ec0U<\/p><p>B\u1eefa t\u1ed1i: 5H30 CHI\u1ec0U: 21H30 T\u1ed0I<\/p>\t\t\t\t\t\t<\/div>\n\t\t\t\t<\/div>\n\t\t\t\t\t<\/div>\n\t\t<\/div>\n\t\t\t\t\t\t\t<\/div>\n\t\t<\/section>\n\t\t\t\t\t\t\t<\/div>\n\t\t","protected":false},"excerpt":{"rendered":"<p>Dining Marina Restaurant Hotel management software Marina Restaurant Nh\u00e0 h\u00e0ng Marina cung c\u1ea5p kh\u00f4ng gian cho 350 kh\u00e1ch b\u00ean trong v\u00e0 100 kh\u00e1ch b\u00ean ngo\u00e0i, n\u01a1i m\u00e0 b\u1ea1n c\u00f3 th\u1ec3 th\u01b0\u1edfng th\u1ee9c b\u1eefa \u0103n ngon v\u00e0 t\u1eadn h\u01b0\u1edfng quang c\u1ea3nh c\u1ee7a h\u1ed3 b\u01a1i. Nh\u00e0 h\u00e0ng Marina chuy\u00ean ph\u1ee5c v\u1ee5 c\u00e1c m\u00f3n \u0103n Vi\u1ec7t Nam cho [&hellip;]<\/p>\n","protected":false},"author":1,"featured_media":0,"parent":8219,"menu_order":0,"comment_status":"closed","ping_status":"closed","template":"","meta":[],"acf":[],"_links":{"self":[{"href":"https:\/\/celinaresort.com\/vi\/wp-json\/wp\/v2\/pages\/8222"}],"collection":[{"href":"https:\/\/celinaresort.com\/vi\/wp-json\/wp\/v2\/pages"}],"about":[{"href":"https:\/\/celinaresort.com\/vi\/wp-json\/wp\/v2\/types\/page"}],"author":[{"embeddable":true,"href":"https:\/\/celinaresort.com\/vi\/wp-json\/wp\/v2\/users\/1"}],"replies":[{"embeddable":true,"href":"https:\/\/celinaresort.com\/vi\/wp-json\/wp\/v2\/comments?post=8222"}],"version-history":[{"count":29,"href":"https:\/\/celinaresort.com\/vi\/wp-json\/wp\/v2\/pages\/8222\/revisions"}],"predecessor-version":[{"id":11330,"href":"https:\/\/celinaresort.com\/vi\/wp-json\/wp\/v2\/pages\/8222\/revisions\/11330"}],"up":[{"embeddable":true,"href":"https:\/\/celinaresort.com\/vi\/wp-json\/wp\/v2\/pages\/8219"}],"wp:attachment":[{"href":"https:\/\/celinaresort.com\/vi\/wp-json\/wp\/v2\/media?parent=8222"}],"curies":[{"name":"wp","href":"https:\/\/api.w.org\/{rel}","templated":true}]}}