{"id":8219,"date":"2021-03-06T18:55:31","date_gmt":"2021-03-06T11:55:31","guid":{"rendered":"http:\/\/celinaresort.com\/?page_id=8219"},"modified":"2024-12-06T20:31:43","modified_gmt":"2024-12-06T13:31:43","slug":"dich-vu-am-thuc","status":"publish","type":"page","link":"https:\/\/celinaresort.com\/vi\/dich-vu-am-thuc","title":{"rendered":"D\u1ecbch v\u1ee5 \u1ea9m th\u1ef1c"},"content":{"rendered":"\t\t<div data-elementor-type=\"wp-page\" data-elementor-id=\"8219\" class=\"elementor elementor-8219 elementor-4939\" data-elementor-post-type=\"page\">\n\t\t\t\t\t\t\t\t\t<section class=\"elementor-section elementor-top-section elementor-element elementor-element-ff75550 elementor-section-full_width elementor-section-height-min-height elementor-section-stretched elementor-section-height-default elementor-section-items-middle qodef-elementor-content-no\" data-id=\"ff75550\" data-element_type=\"section\" data-settings=\"{&quot;stretch_section&quot;:&quot;section-stretched&quot;,&quot;background_background&quot;:&quot;classic&quot;}\">\n\t\t\t\t\t\t<div class=\"elementor-container elementor-column-gap-default\">\n\t\t\t\t\t<div class=\"elementor-column elementor-col-100 elementor-top-column elementor-element elementor-element-8f71fc1\" data-id=\"8f71fc1\" data-element_type=\"column\">\n\t\t\t<div class=\"elementor-widget-wrap\">\n\t\t\t\t\t\t\t\t\t<\/div>\n\t\t<\/div>\n\t\t\t\t\t\t\t<\/div>\n\t\t<\/section>\n\t\t\t\t<section class=\"elementor-section elementor-top-section elementor-element elementor-element-a5f93ac elementor-section-boxed elementor-section-height-default elementor-section-height-default qodef-elementor-content-no\" data-id=\"a5f93ac\" data-element_type=\"section\">\n\t\t\t\t\t\t<div class=\"elementor-container elementor-column-gap-default\">\n\t\t\t\t\t<div class=\"elementor-column elementor-col-100 elementor-top-column elementor-element elementor-element-a83976f\" data-id=\"a83976f\" data-element_type=\"column\">\n\t\t\t<div class=\"elementor-widget-wrap elementor-element-populated\">\n\t\t\t\t\t\t\t\t<div class=\"elementor-element elementor-element-fa8db3e elementor-widget elementor-widget-html\" data-id=\"fa8db3e\" data-element_type=\"widget\" data-widget_type=\"html.default\">\n\t\t\t\t<div class=\"elementor-widget-container\">\n\t\t\t<!-- start Search form script -->\r\n<div id=\"block-search\">\r\n  <div id=\"be-search-form\" class=\"be-container\">\r\n    <a href=\"https:\/\/exely.com\/\" rel=\"nofollow noopener\" target=\"_blank\">Hotel management software<\/a>\r\n  <\/div>\r\n<\/div>\r\n<!-- end Search form script -->\t\t<\/div>\n\t\t\t\t<\/div>\n\t\t\t\t\t<\/div>\n\t\t<\/div>\n\t\t\t\t\t\t\t<\/div>\n\t\t<\/section>\n\t\t\t\t<section class=\"elementor-section elementor-top-section elementor-element elementor-element-1ca0022 elementor-section-boxed elementor-section-height-default elementor-section-height-default qodef-elementor-content-no\" data-id=\"1ca0022\" data-element_type=\"section\">\n\t\t\t\t\t\t<div class=\"elementor-container elementor-column-gap-default\">\n\t\t\t\t\t<div class=\"elementor-column elementor-col-100 elementor-top-column elementor-element elementor-element-44feadb\" data-id=\"44feadb\" data-element_type=\"column\">\n\t\t\t<div class=\"elementor-widget-wrap elementor-element-populated\">\n\t\t\t\t\t\t\t\t<div class=\"elementor-element elementor-element-5a4d8e3 elementor-widget elementor-widget-heading\" data-id=\"5a4d8e3\" data-element_type=\"widget\" data-widget_type=\"heading.default\">\n\t\t\t\t<div class=\"elementor-widget-container\">\n\t\t\t<h2 class=\"elementor-heading-title elementor-size-default\">D\u1ecbch v\u1ee5 \u0103n u\u1ed1ng<\/h2>\t\t<\/div>\n\t\t\t\t<\/div>\n\t\t\t\t<div class=\"elementor-element elementor-element-48dce42 elementor-widget elementor-widget-text-editor\" data-id=\"48dce42\" data-element_type=\"widget\" data-widget_type=\"text-editor.default\">\n\t\t\t\t<div class=\"elementor-widget-container\">\n\t\t\t\t\t\t\t<p>\u0110\u1ebfn v\u1edbi Celina b\u1ea1n s\u1ebd \u0111\u01b0\u1ee3c tr\u1ea3i nghi\u1ec7m d\u1ecbch v\u1ee5 \u0103n u\u1ed1ng tuy\u1ec7t v\u1eddi c\u1ee7a ch\u00fang t\u00f4i. Cho d\u00f9 \u0111\u00f3 l\u00e0 b\u1eefa ti\u1ec7c d\u00e0nh cho h\u1ed9i ngh\u1ecb, h\u1ed9i th\u1ea3o, gia \u0111\u00ecnh, sinh nh\u1eadt hay g\u1eb7p g\u1ee1 b\u1ea1n b\u00e8, ch\u00fang t\u00f4i lu\u00f4n c\u00f3 c\u00e1c l\u1ef1a ch\u1ecdn v\u1ec1 nh\u00e0 h\u00e0ng v\u00e0 qu\u00e1n bar \u0111\u1ec3 ph\u00f9 h\u1ee3p v\u1edbi chi ph\u00ed c\u1ee7a b\u1ea1n.<\/p><p>Celina Peninsula Resort m\u1eddi b\u1ea1n th\u01b0\u1edfng th\u1ee9c \u1ea9m th\u1ef1c s\u00e1ng t\u1ea1o c\u00f9ng v\u1edbi d\u1ecbch v\u1ee5 xu\u1ea5t s\u1eafc. B\u1eaft \u0111\u1ea7u ng\u00e0y m\u1edbi v\u1edbi b\u1eefa s\u00e1ng ngon mi\u1ec7ng t\u1ea1i nh\u00e0 h\u00e0ng Marina. Menu \u0111a d\u1ea1ng c\u00f9ng c\u00e1c m\u00f3n \u0103n \u0111\u01b0\u1ee3c tuy\u1ec3n ch\u1ecdn v\u00e0 l\u1ea5y c\u1ea3m h\u1ee9ng t\u1eeb s\u1ef1 tinh t\u1ebf \u0111a v\u0103n h\u00f3a c\u1ee7a Vi\u1ec7t Nam.<\/p>\t\t\t\t\t\t<\/div>\n\t\t\t\t<\/div>\n\t\t\t\t\t<\/div>\n\t\t<\/div>\n\t\t\t\t\t\t\t<\/div>\n\t\t<\/section>\n\t\t\t\t<section class=\"elementor-section elementor-top-section elementor-element elementor-element-0667aa1 elementor-section-boxed elementor-section-height-default elementor-section-height-default qodef-elementor-content-no\" data-id=\"0667aa1\" data-element_type=\"section\">\n\t\t\t\t\t\t<div class=\"elementor-container elementor-column-gap-default\">\n\t\t\t\t\t<div class=\"elementor-column elementor-col-100 elementor-top-column elementor-element elementor-element-69fc444\" data-id=\"69fc444\" data-element_type=\"column\">\n\t\t\t<div class=\"elementor-widget-wrap elementor-element-populated\">\n\t\t\t\t\t\t\t\t<div class=\"elementor-element elementor-element-0e417ac elementor-widget elementor-widget-deo-box-resort\" data-id=\"0e417ac\" data-element_type=\"widget\" data-widget_type=\"deo-box-resort.default\">\n\t\t\t\t<div class=\"elementor-widget-container\">\n\t\t\t<div class=\"sqs-block image-block sqs-block-image elementor-image-box-wrapper\"><div class=\"sqs-block-content\"><figure class=\"sqs-block-image-figure image-block-outer-wrapper image-block-v2 image-position-left show-on-scroll\"><div class=\"intrinsic\"><div class=\"image-inset content-fit\"><img width=\"1620\" height=\"1080\" src=\"https:\/\/celinaresort.com\/wp-content\/uploads\/2024\/10\/z5938231822990_e3fd61d93b3224185a24d226904ee57e.jpg\" class=\"attachment-full size-full wp-image-11117\" alt=\"\" decoding=\"async\" loading=\"lazy\" srcset=\"https:\/\/celinaresort.com\/wp-content\/uploads\/2024\/10\/z5938231822990_e3fd61d93b3224185a24d226904ee57e.jpg 1620w, https:\/\/celinaresort.com\/wp-content\/uploads\/2024\/10\/z5938231822990_e3fd61d93b3224185a24d226904ee57e-300x200.jpg 300w, https:\/\/celinaresort.com\/wp-content\/uploads\/2024\/10\/z5938231822990_e3fd61d93b3224185a24d226904ee57e-1024x683.jpg 1024w, https:\/\/celinaresort.com\/wp-content\/uploads\/2024\/10\/z5938231822990_e3fd61d93b3224185a24d226904ee57e-768x512.jpg 768w, https:\/\/celinaresort.com\/wp-content\/uploads\/2024\/10\/z5938231822990_e3fd61d93b3224185a24d226904ee57e-1536x1024.jpg 1536w, https:\/\/celinaresort.com\/wp-content\/uploads\/2024\/10\/z5938231822990_e3fd61d93b3224185a24d226904ee57e-996x665.jpg 996w, https:\/\/celinaresort.com\/wp-content\/uploads\/2024\/10\/z5938231822990_e3fd61d93b3224185a24d226904ee57e-600x400.jpg 600w\" sizes=\"(max-width: 1620px) 100vw, 1620px\" \/><div class=\"image-overlay\"><\/div><\/div><\/div><figcaption class=\"image-card-wrapper elementor-image-box-content\"><div class=\"image-card sqs-dynamic-text-container\"><div class=\"image-title-wrapper\"><div class=\"image-title sqs-dynamic-text\"><h3 class=\"elementor-image-box-title\">Marina Restaurant <\/h3><\/div><\/div><div class=\"image-subtitle-wrapper\"><div class=\"image-subtitle sqs-dynamic-text elementor-image-box-description\"><p><span style=\"color: #ffffff;\">Ch\u00fang t\u00f4i t\u1ef1 h\u00e0o v\u1ec1 n\u1ec1n v\u0103n ho\u00e1 \u1ea9m th\u1ef1c c\u1ee7a Vi\u1ec7t Nam, l\u1ea5y c\u1ea3m h\u1ee9ng t\u1eeb m\u00f3n \u0103n truy\u1ec1n th\u1ed1ng c\u1ee7a mi\u1ec1n B\u1eafc, tinh hoa \u1ea9m th\u1ef1c x\u1ee9 Hu\u1ebf v\u00e0 h\u01b0\u01a1ng v\u1ecb hi\u1ec7n \u0111\u1ea1i c\u1ee7a mi\u1ec1n Nam t\u1ea5t c\u1ea3 \u0111\u1ec1u \u0111\u01b0\u1ee3c k\u1ebft h\u1ee3p v\u1edbi nh\u1eefng nguy\u00ean li\u1ec7u \u0111\u1ecba ph\u01b0\u01a1ng t\u1ed1t nh\u1ea5t. B\u00ean c\u1ea1nh \u0111\u00f3, b\u1ea1n c\u0169ng c\u00f3 th\u1ec3 th\u01b0\u1edfng th\u1ee9c nh\u1eefng m\u00f3n \u0103n mang phong c\u00e1ch qu\u1ed1c t\u1ebf t\u1ea1i nh\u00e0 h\u00e0ng buffet s\u00e1ng c\u1ee7a ch\u00fang t\u00f4i.\u00a0<\/span><\/p><\/div><\/div><div class=\"image-button-wrapper\"><div class=\"image-button sqs-dynamic-text\"><div class=\"image-button-inner\"><a class=\"elementor-image-box-btn\" href=\"\/vi\/dich-vu-am-thuc\/camila-restaurant\">Xem th\u00eam<\/a><\/div><\/div><\/div><\/div><\/figcaption><\/figure><\/div><\/div>\t\t<\/div>\n\t\t\t\t<\/div>\n\t\t\t\t<div class=\"elementor-element elementor-element-9d0f419 elementor-widget elementor-widget-deo-box-resort\" data-id=\"9d0f419\" data-element_type=\"widget\" data-widget_type=\"deo-box-resort.default\">\n\t\t\t\t<div class=\"elementor-widget-container\">\n\t\t\t<div class=\"sqs-block image-block sqs-block-image elementor-image-box-wrapper\"><div class=\"sqs-block-content\"><figure class=\"sqs-block-image-figure image-block-outer-wrapper image-block-v2 image-position-left show-on-scroll\"><div class=\"intrinsic\"><div class=\"image-inset content-fit\"><img width=\"996\" height=\"665\" src=\"https:\/\/celinaresort.com\/wp-content\/uploads\/2021\/03\/3A7A1598-996x665.jpg\" class=\"attachment-img-box-resort size-img-box-resort wp-image-6980\" alt=\"\" decoding=\"async\" loading=\"lazy\" \/><div class=\"image-overlay\"><\/div><\/div><\/div><figcaption class=\"image-card-wrapper elementor-image-box-content\"><div class=\"image-card sqs-dynamic-text-container\"><div class=\"image-title-wrapper\"><div class=\"image-title sqs-dynamic-text\"><h3 class=\"elementor-image-box-title\">Iris Bar &amp; Cafe<\/h3><\/div><\/div><div class=\"image-subtitle-wrapper\"><div class=\"image-subtitle sqs-dynamic-text elementor-image-box-description\"><p><span style=\"color: #ffffff;\">Iris Bar &amp; Caf\u00e9 l\u00e0 kh\u00f4ng gian ho\u00e0n h\u1ea3o \u0111\u1ec3 th\u01b0 gi\u00e3n b\u00ean h\u1ed3 n\u01b0\u1edbc v\u00e0o b\u1ea5t k\u1ef3 th\u1eddi \u0111i\u1ec3m n\u00e0o trong ng\u00e0y. Th\u1ef1c \u0111\u01a1n g\u1ed3m \u0111\u1ed3 u\u1ed1ng c\u00f3 c\u1ed3n, kh\u00f4ng c\u1ed3n v\u00e0 \u0111\u1ed3 \u0103n nh\u1eb9.<\/span><\/p><\/div><\/div><div class=\"image-button-wrapper\"><div class=\"image-button sqs-dynamic-text\"><div class=\"image-button-inner\"><a class=\"elementor-image-box-btn\" href=\"\/vi\/dich-vu-am-thuc\/iris-bar-cafe\">Xem th\u00eam<\/a><\/div><\/div><\/div><\/div><\/figcaption><\/figure><\/div><\/div>\t\t<\/div>\n\t\t\t\t<\/div>\n\t\t\t\t<div class=\"elementor-element elementor-element-4c50922 elementor-widget elementor-widget-deo-box-resort\" data-id=\"4c50922\" data-element_type=\"widget\" data-widget_type=\"deo-box-resort.default\">\n\t\t\t\t<div class=\"elementor-widget-container\">\n\t\t\t<div class=\"sqs-block image-block sqs-block-image elementor-image-box-wrapper\"><div class=\"sqs-block-content\"><figure class=\"sqs-block-image-figure image-block-outer-wrapper image-block-v2 image-position-right show-on-scroll\"><div class=\"intrinsic\"><div class=\"image-inset content-fit\"><img width=\"600\" height=\"400\" src=\"https:\/\/celinaresort.com\/wp-content\/uploads\/2022\/03\/TVH02562-600x400.jpg\" class=\"attachment-woocommerce_single size-woocommerce_single wp-image-9415\" alt=\"\" decoding=\"async\" loading=\"lazy\" srcset=\"https:\/\/celinaresort.com\/wp-content\/uploads\/2022\/03\/TVH02562-600x400.jpg 600w, https:\/\/celinaresort.com\/wp-content\/uploads\/2022\/03\/TVH02562-300x200.jpg 300w, https:\/\/celinaresort.com\/wp-content\/uploads\/2022\/03\/TVH02562-1024x683.jpg 1024w, https:\/\/celinaresort.com\/wp-content\/uploads\/2022\/03\/TVH02562-768x512.jpg 768w, https:\/\/celinaresort.com\/wp-content\/uploads\/2022\/03\/TVH02562-1536x1024.jpg 1536w, https:\/\/celinaresort.com\/wp-content\/uploads\/2022\/03\/TVH02562-2048x1365.jpg 2048w, https:\/\/celinaresort.com\/wp-content\/uploads\/2022\/03\/TVH02562-996x665.jpg 996w\" sizes=\"(max-width: 600px) 100vw, 600px\" \/><div class=\"image-overlay\"><\/div><\/div><\/div><figcaption class=\"image-card-wrapper elementor-image-box-content\"><div class=\"image-card sqs-dynamic-text-container\"><div class=\"image-title-wrapper\"><div class=\"image-title sqs-dynamic-text\"><h3 class=\"elementor-image-box-title\">Marble Bar<\/h3><\/div><\/div><div class=\"image-subtitle-wrapper\"><div class=\"image-subtitle sqs-dynamic-text elementor-image-box-description\"><p>Marble Bar mang \u0111\u1ebfn m\u1ed9t khung c\u1ea3nh trang nh\u00e3 v\u00e0 tho\u1ea3i m\u00e1i v\u1edbi \u00e1nh s\u00e1ng \u1ea5m \u00e1p. Ch\u00fang t\u00f4i ph\u1ee5c v\u1ee5 tr\u00e0 chi\u1ec1u truy\u1ec1n th\u1ed1ng, n\u01b0\u1edbc tr\u00e1i c\u00e2y, c\u00e0 ph\u00ea v\u00e0 \u0111\u1ed3 u\u1ed1ng sau b\u1eefa t\u1ed1i \u0111\u1ec3 b\u1ea1n c\u00f3 th\u1ec3 \u0111\u1ebfn b\u1ea5t c\u1ee9 l\u00fac n\u00e0o trong ng\u00e0y ho\u1eb7c \u0111\u00eam. Thi\u1ebft k\u1ebf n\u1ed9i th\u1ea5t th\u1ec3 hi\u1ec7n s\u1ef1 k\u1ebft h\u1ee3p hi\u1ec7n \u0111\u1ea1i gi\u1eefa v\u0103n h\u00f3a ph\u01b0\u01a1ng \u0110\u00f4ng v\u00e0 ph\u01b0\u01a1ng T\u00e2y, ph\u00f9 h\u1ee3p v\u1edbi kh\u00f4ng gian \u0111\u1ea7y tinh t\u1ebf.<\/p><\/div><\/div><div class=\"image-button-wrapper\"><div class=\"image-button sqs-dynamic-text\"><div class=\"image-button-inner\"><\/div><\/div><\/div><\/div><\/figcaption><\/figure><\/div><\/div>\t\t<\/div>\n\t\t\t\t<\/div>\n\t\t\t\t\t<\/div>\n\t\t<\/div>\n\t\t\t\t\t\t\t<\/div>\n\t\t<\/section>\n\t\t\t\t\t\t\t<\/div>\n\t\t","protected":false},"excerpt":{"rendered":"<p>Hotel management software D\u1ecbch v\u1ee5 \u0103n u\u1ed1ng \u0110\u1ebfn v\u1edbi Celina b\u1ea1n s\u1ebd \u0111\u01b0\u1ee3c tr\u1ea3i nghi\u1ec7m d\u1ecbch v\u1ee5 \u0103n u\u1ed1ng tuy\u1ec7t v\u1eddi c\u1ee7a ch\u00fang t\u00f4i. Cho d\u00f9 \u0111\u00f3 l\u00e0 b\u1eefa ti\u1ec7c d\u00e0nh cho h\u1ed9i ngh\u1ecb, h\u1ed9i th\u1ea3o, gia \u0111\u00ecnh, sinh nh\u1eadt hay g\u1eb7p g\u1ee1 b\u1ea1n b\u00e8, ch\u00fang t\u00f4i lu\u00f4n c\u00f3 c\u00e1c l\u1ef1a ch\u1ecdn v\u1ec1 nh\u00e0 h\u00e0ng [&hellip;]<\/p>\n","protected":false},"author":1,"featured_media":0,"parent":0,"menu_order":0,"comment_status":"closed","ping_status":"closed","template":"","meta":[],"acf":[],"_links":{"self":[{"href":"https:\/\/celinaresort.com\/vi\/wp-json\/wp\/v2\/pages\/8219"}],"collection":[{"href":"https:\/\/celinaresort.com\/vi\/wp-json\/wp\/v2\/pages"}],"about":[{"href":"https:\/\/celinaresort.com\/vi\/wp-json\/wp\/v2\/types\/page"}],"author":[{"embeddable":true,"href":"https:\/\/celinaresort.com\/vi\/wp-json\/wp\/v2\/users\/1"}],"replies":[{"embeddable":true,"href":"https:\/\/celinaresort.com\/vi\/wp-json\/wp\/v2\/comments?post=8219"}],"version-history":[{"count":98,"href":"https:\/\/celinaresort.com\/vi\/wp-json\/wp\/v2\/pages\/8219\/revisions"}],"predecessor-version":[{"id":11327,"href":"https:\/\/celinaresort.com\/vi\/wp-json\/wp\/v2\/pages\/8219\/revisions\/11327"}],"wp:attachment":[{"href":"https:\/\/celinaresort.com\/vi\/wp-json\/wp\/v2\/media?parent=8219"}],"curies":[{"name":"wp","href":"https:\/\/api.w.org\/{rel}","templated":true}]}}