{"id":8210,"date":"2021-03-28T04:35:35","date_gmt":"2021-03-27T21:35:35","guid":{"rendered":"http:\/\/celinaresort.com\/?page_id=8210"},"modified":"2024-12-06T20:30:38","modified_gmt":"2024-12-06T13:30:38","slug":"tri-lieu-va-lam-dep","status":"publish","type":"page","link":"https:\/\/celinaresort.com\/vi\/calla-spa\/tri-lieu-va-lam-dep","title":{"rendered":"Tr\u1ecb li\u1ec7u v\u00e0 l\u00e0m \u0111\u1eb9p"},"content":{"rendered":"\t\t<div data-elementor-type=\"wp-page\" data-elementor-id=\"8210\" class=\"elementor elementor-8210 elementor-6936\" data-elementor-post-type=\"page\">\n\t\t\t\t\t\t\t\t\t<section class=\"elementor-section elementor-top-section elementor-element elementor-element-8e8a705 elementor-section-height-min-height elementor-section-stretched elementor-section-boxed elementor-section-height-default elementor-section-items-middle qodef-elementor-content-no\" data-id=\"8e8a705\" data-element_type=\"section\" data-settings=\"{&quot;stretch_section&quot;:&quot;section-stretched&quot;,&quot;background_background&quot;:&quot;classic&quot;}\">\n\t\t\t\t\t\t\t<div class=\"elementor-background-overlay\"><\/div>\n\t\t\t\t\t\t\t<div class=\"elementor-container elementor-column-gap-no\">\n\t\t\t\t\t<div class=\"elementor-column elementor-col-100 elementor-top-column elementor-element elementor-element-847ad22\" data-id=\"847ad22\" data-element_type=\"column\">\n\t\t\t<div class=\"elementor-widget-wrap elementor-element-populated\">\n\t\t\t\t\t\t\t\t<div class=\"elementor-element elementor-element-99256f4 elementor-widget elementor-widget-image\" data-id=\"99256f4\" data-element_type=\"widget\" data-widget_type=\"image.default\">\n\t\t\t\t<div class=\"elementor-widget-container\">\n\t\t\t\t\t\t\t\t\t\t\t\t\t\t\t<img decoding=\"async\" width=\"80\" height=\"79\" src=\"https:\/\/celinaresort.com\/wp-content\/uploads\/2021\/03\/title-logo.png\" class=\"attachment-full size-full wp-image-7229\" alt=\"\" loading=\"lazy\" \/>\t\t\t\t\t\t\t\t\t\t\t\t\t\t\t<\/div>\n\t\t\t\t<\/div>\n\t\t\t\t<div class=\"elementor-element elementor-element-a060135 elementor-widget elementor-widget-heading\" data-id=\"a060135\" data-element_type=\"widget\" data-widget_type=\"heading.default\">\n\t\t\t\t<div class=\"elementor-widget-container\">\n\t\t\t<h2 class=\"elementor-heading-title elementor-size-default\">\u0110i\u1ec1u tr\u1ecb v\u00e0 L\u00e0m \u0111\u1eb9p<\/h2>\t\t<\/div>\n\t\t\t\t<\/div>\n\t\t\t\t\t<\/div>\n\t\t<\/div>\n\t\t\t\t\t\t\t<\/div>\n\t\t<\/section>\n\t\t\t\t<section class=\"elementor-section elementor-top-section elementor-element elementor-element-600b03f elementor-section-boxed elementor-section-height-default elementor-section-height-default qodef-elementor-content-no\" data-id=\"600b03f\" data-element_type=\"section\">\n\t\t\t\t\t\t<div class=\"elementor-container elementor-column-gap-default\">\n\t\t\t\t\t<div class=\"elementor-column elementor-col-100 elementor-top-column elementor-element elementor-element-43fec2e\" data-id=\"43fec2e\" data-element_type=\"column\">\n\t\t\t<div class=\"elementor-widget-wrap elementor-element-populated\">\n\t\t\t\t\t\t\t\t<div class=\"elementor-element elementor-element-b8458b3 elementor-widget elementor-widget-html\" data-id=\"b8458b3\" data-element_type=\"widget\" data-widget_type=\"html.default\">\n\t\t\t\t<div class=\"elementor-widget-container\">\n\t\t\t<!-- start Search form script -->\r\n<div id=\"block-search\">\r\n  <div id=\"be-search-form\" class=\"be-container\">\r\n    <a href=\"https:\/\/exely.com\/\" rel=\"nofollow noopener\" target=\"_blank\">Hotel management software<\/a>\r\n  <\/div>\r\n<\/div>\r\n<!-- end Search form script -->\t\t<\/div>\n\t\t\t\t<\/div>\n\t\t\t\t\t<\/div>\n\t\t<\/div>\n\t\t\t\t\t\t\t<\/div>\n\t\t<\/section>\n\t\t\t\t<section class=\"elementor-section elementor-top-section elementor-element elementor-element-a0ef0ea elementor-section-full_width elementor-section-stretched elementor-section-height-default elementor-section-height-default qodef-elementor-content-no\" data-id=\"a0ef0ea\" data-element_type=\"section\" data-settings=\"{&quot;stretch_section&quot;:&quot;section-stretched&quot;}\">\n\t\t\t\t\t\t<div class=\"elementor-container elementor-column-gap-default\">\n\t\t\t\t\t<div class=\"elementor-column elementor-col-100 elementor-top-column elementor-element elementor-element-f7c4ebc\" data-id=\"f7c4ebc\" data-element_type=\"column\">\n\t\t\t<div class=\"elementor-widget-wrap elementor-element-populated\">\n\t\t\t\t\t\t\t\t<section class=\"elementor-section elementor-inner-section elementor-element elementor-element-301894c elementor-section-boxed elementor-section-height-default elementor-section-height-default qodef-elementor-content-no\" data-id=\"301894c\" data-element_type=\"section\">\n\t\t\t\t\t\t<div class=\"elementor-container elementor-column-gap-default\">\n\t\t\t\t\t<div class=\"elementor-column elementor-col-25 elementor-inner-column elementor-element elementor-element-5c1cc13\" data-id=\"5c1cc13\" data-element_type=\"column\">\n\t\t\t<div class=\"elementor-widget-wrap elementor-element-populated\">\n\t\t\t\t\t\t\t\t<div class=\"elementor-element elementor-element-047c2a2 elementor-position-top elementor-widget elementor-widget-image-box\" data-id=\"047c2a2\" data-element_type=\"widget\" data-widget_type=\"image-box.default\">\n\t\t\t\t<div class=\"elementor-widget-container\">\n\t\t\t<div class=\"elementor-image-box-wrapper\"><figure class=\"elementor-image-box-img\"><img decoding=\"async\" width=\"93\" height=\"88\" src=\"https:\/\/celinaresort.com\/wp-content\/uploads\/2021\/03\/h2-icon-1.png\" class=\"attachment-full size-full wp-image-7224\" alt=\"\" loading=\"lazy\" \/><\/figure><div class=\"elementor-image-box-content\"><h3 class=\"elementor-image-box-title\">DISCOVER POSSIBLE<\/h3><\/div><\/div>\t\t<\/div>\n\t\t\t\t<\/div>\n\t\t\t\t\t<\/div>\n\t\t<\/div>\n\t\t\t\t<div class=\"elementor-column elementor-col-25 elementor-inner-column elementor-element elementor-element-7467bb5\" data-id=\"7467bb5\" data-element_type=\"column\">\n\t\t\t<div class=\"elementor-widget-wrap elementor-element-populated\">\n\t\t\t\t\t\t\t\t<div class=\"elementor-element elementor-element-9af5980 elementor-position-top elementor-widget elementor-widget-image-box\" data-id=\"9af5980\" data-element_type=\"widget\" data-widget_type=\"image-box.default\">\n\t\t\t\t<div class=\"elementor-widget-container\">\n\t\t\t<div class=\"elementor-image-box-wrapper\"><figure class=\"elementor-image-box-img\"><img decoding=\"async\" width=\"96\" height=\"88\" src=\"https:\/\/celinaresort.com\/wp-content\/uploads\/2021\/03\/h2-icon-2.png\" class=\"attachment-full size-full wp-image-7222\" alt=\"\" loading=\"lazy\" \/><\/figure><div class=\"elementor-image-box-content\"><h3 class=\"elementor-image-box-title\">PEOPLE MATTER<\/h3><\/div><\/div>\t\t<\/div>\n\t\t\t\t<\/div>\n\t\t\t\t\t<\/div>\n\t\t<\/div>\n\t\t\t\t<div class=\"elementor-column elementor-col-25 elementor-inner-column elementor-element elementor-element-368c7a2\" data-id=\"368c7a2\" data-element_type=\"column\">\n\t\t\t<div class=\"elementor-widget-wrap elementor-element-populated\">\n\t\t\t\t\t\t\t\t<div class=\"elementor-element elementor-element-334d9ea elementor-position-top elementor-widget elementor-widget-image-box\" data-id=\"334d9ea\" data-element_type=\"widget\" data-widget_type=\"image-box.default\">\n\t\t\t\t<div class=\"elementor-widget-container\">\n\t\t\t<div class=\"elementor-image-box-wrapper\"><figure class=\"elementor-image-box-img\"><img decoding=\"async\" width=\"87\" height=\"88\" src=\"https:\/\/celinaresort.com\/wp-content\/uploads\/2021\/03\/h2-icon-3.png\" class=\"attachment-full size-full wp-image-7220\" alt=\"\" loading=\"lazy\" \/><\/figure><div class=\"elementor-image-box-content\"><h3 class=\"elementor-image-box-title\">WHAT FEELS GOOD<\/h3><\/div><\/div>\t\t<\/div>\n\t\t\t\t<\/div>\n\t\t\t\t\t<\/div>\n\t\t<\/div>\n\t\t\t\t<div class=\"elementor-column elementor-col-25 elementor-inner-column elementor-element elementor-element-985ad0e\" data-id=\"985ad0e\" data-element_type=\"column\">\n\t\t\t<div class=\"elementor-widget-wrap elementor-element-populated\">\n\t\t\t\t\t\t\t\t<div class=\"elementor-element elementor-element-7345073 elementor-position-top elementor-widget elementor-widget-image-box\" data-id=\"7345073\" data-element_type=\"widget\" data-widget_type=\"image-box.default\">\n\t\t\t\t<div class=\"elementor-widget-container\">\n\t\t\t<div class=\"elementor-image-box-wrapper\"><figure class=\"elementor-image-box-img\"><img decoding=\"async\" width=\"95\" height=\"88\" src=\"https:\/\/celinaresort.com\/wp-content\/uploads\/2021\/03\/h2-icon-4.png\" class=\"attachment-full size-full wp-image-7218\" alt=\"\" loading=\"lazy\" \/><\/figure><div class=\"elementor-image-box-content\"><h3 class=\"elementor-image-box-title\">HAVING A PLAN<\/h3><\/div><\/div>\t\t<\/div>\n\t\t\t\t<\/div>\n\t\t\t\t\t<\/div>\n\t\t<\/div>\n\t\t\t\t\t\t\t<\/div>\n\t\t<\/section>\n\t\t\t\t\t<\/div>\n\t\t<\/div>\n\t\t\t\t\t\t\t<\/div>\n\t\t<\/section>\n\t\t\t\t<section class=\"elementor-section elementor-top-section elementor-element elementor-element-55eff1c elementor-section-stretched elementor-section-full_width elementor-section-height-default elementor-section-height-default qodef-elementor-content-no\" data-id=\"55eff1c\" data-element_type=\"section\" data-settings=\"{&quot;stretch_section&quot;:&quot;section-stretched&quot;,&quot;background_background&quot;:&quot;classic&quot;}\">\n\t\t\t\t\t\t<div class=\"elementor-container elementor-column-gap-no\">\n\t\t\t\t\t<div class=\"elementor-column elementor-col-100 elementor-top-column elementor-element elementor-element-81c66db\" data-id=\"81c66db\" data-element_type=\"column\">\n\t\t\t<div class=\"elementor-widget-wrap elementor-element-populated\">\n\t\t\t\t\t\t\t\t<section class=\"elementor-section elementor-inner-section elementor-element elementor-element-f2e3f90 elementor-section-content-middle elementor-section-boxed elementor-section-height-default elementor-section-height-default qodef-elementor-content-no\" data-id=\"f2e3f90\" data-element_type=\"section\">\n\t\t\t\t\t\t<div class=\"elementor-container elementor-column-gap-default\">\n\t\t\t\t\t<div class=\"elementor-column elementor-col-50 elementor-inner-column elementor-element elementor-element-c07292d\" data-id=\"c07292d\" data-element_type=\"column\">\n\t\t\t<div class=\"elementor-widget-wrap elementor-element-populated\">\n\t\t\t\t\t\t\t\t<div class=\"elementor-element elementor-element-ed96ccd elementor-widget elementor-widget-heading\" data-id=\"ed96ccd\" data-element_type=\"widget\" data-widget_type=\"heading.default\">\n\t\t\t\t<div class=\"elementor-widget-container\">\n\t\t\t<h2 class=\"elementor-heading-title elementor-size-default\">D\u1ecbch V\u1ee5 Spa<\/h2>\t\t<\/div>\n\t\t\t\t<\/div>\n\t\t\t\t<div class=\"elementor-element elementor-element-995c7bf elementor-widget elementor-widget-text-editor\" data-id=\"995c7bf\" data-element_type=\"widget\" data-widget_type=\"text-editor.default\">\n\t\t\t\t<div class=\"elementor-widget-container\">\n\t\t\t\t\t\t\t<p style=\"text-align: left;\">B\u1ea1n c\u00f3 th\u1ec3 l\u1ef1a ch\u1ecdn m\u00e1t-xa, ch\u0103m s\u00f3c da m\u1eb7t, li\u1ec7u ph\u00e1p ch\u0103m s\u00f3c s\u1ee9c kh\u1ecfe to\u00e0n th\u00e2n ho\u1eb7c m\u1ed9t trong c\u00e1c g\u00f3i d\u1ecbch v\u1ee5 c\u1ee7a ch\u00fang t\u00f4i.<\/p><p style=\"text-align: left;\">C\u00e1c ph\u01b0\u01a1ng ph\u00e1p d\u1ef1a tr\u00ean xu h\u01b0\u1edbng truy\u1ec1n th\u1ed1ng v\u00e0 hi\u1ec7n \u0111\u1ea1i. B\u1ea5m huy\u1ec7t v\u00e0 m\u00e1t-xa gi\u00fap c\u1ea3i thi\u1ec7n tu\u1ea7n ho\u00e0n m\u00e1u, s\u1eafn ch\u1eafc c\u01a1. K\u1ebft h\u1ee3p ch\u0103m s\u00f3c c\u01a1 th\u1ec3 v\u00e0 t\u1ea9y t\u1ebf b\u00e0o ch\u1ebft mang l\u1ea1i cho b\u1ea1n m\u1ed9t l\u00e0n da r\u1ea1ng r\u1ee1.<\/p><p style=\"text-align: left;\">\u00a0<\/p><p style=\"text-align: left;\">Th\u1eddi gian m\u1edf c\u1eeda: 9 gi\u1edd s\u00e1ng \u2013 10 gi\u1edd t\u1ed1i<\/p><p style=\"text-align: left;\">D\u1ecbch v\u1ee5:<\/p><p style=\"text-align: left;\">Massage ch\u00e2n<\/p><p style=\"text-align: left;\">M\u00e1t xa c\u01a1 th\u1ec3<\/p><p style=\"text-align: left;\">T\u1ea9y t\u1ebf b\u00e0o ch\u1ebft to\u00e0n th\u00e2n<\/p><p style=\"text-align: left;\">G\u1ed9i \u0111\u1ea7u<\/p><p style=\"text-align: left;\">M\u1eb7t n\u1ea1<\/p>\t\t\t\t\t\t<\/div>\n\t\t\t\t<\/div>\n\t\t\t\t\t<\/div>\n\t\t<\/div>\n\t\t\t\t<div class=\"elementor-column elementor-col-50 elementor-inner-column elementor-element elementor-element-1ee8c25\" data-id=\"1ee8c25\" data-element_type=\"column\">\n\t\t\t<div class=\"elementor-widget-wrap elementor-element-populated\">\n\t\t\t\t\t\t\t\t<div class=\"elementor-element elementor-element-09955cf elementor-widget elementor-widget-image\" data-id=\"09955cf\" data-element_type=\"widget\" data-widget_type=\"image.default\">\n\t\t\t\t<div class=\"elementor-widget-container\">\n\t\t\t\t\t\t\t\t\t\t\t\t\t\t\t<img decoding=\"async\" width=\"564\" height=\"650\" src=\"https:\/\/celinaresort.com\/wp-content\/uploads\/2021\/03\/e34056e898115bf65e75e86a9cf22f8e-564x650.jpeg\" class=\"attachment-alloggio_image_size_square size-alloggio_image_size_square wp-image-7760\" alt=\"\" loading=\"lazy\" \/>\t\t\t\t\t\t\t\t\t\t\t\t\t\t\t<\/div>\n\t\t\t\t<\/div>\n\t\t\t\t\t<\/div>\n\t\t<\/div>\n\t\t\t\t\t\t\t<\/div>\n\t\t<\/section>\n\t\t\t\t\t<\/div>\n\t\t<\/div>\n\t\t\t\t\t\t\t<\/div>\n\t\t<\/section>\n\t\t\t\t\t\t\t<\/div>\n\t\t","protected":false},"excerpt":{"rendered":"<p>\u0110i\u1ec1u tr\u1ecb v\u00e0 L\u00e0m \u0111\u1eb9p Hotel management software DISCOVER POSSIBLE PEOPLE MATTER WHAT FEELS GOOD HAVING A PLAN D\u1ecbch V\u1ee5 Spa B\u1ea1n c\u00f3 th\u1ec3 l\u1ef1a ch\u1ecdn m\u00e1t-xa, ch\u0103m s\u00f3c da m\u1eb7t, li\u1ec7u ph\u00e1p ch\u0103m s\u00f3c s\u1ee9c kh\u1ecfe to\u00e0n th\u00e2n ho\u1eb7c m\u1ed9t trong c\u00e1c g\u00f3i d\u1ecbch v\u1ee5 c\u1ee7a ch\u00fang t\u00f4i. C\u00e1c ph\u01b0\u01a1ng ph\u00e1p d\u1ef1a tr\u00ean xu [&hellip;]<\/p>\n","protected":false},"author":1,"featured_media":0,"parent":8205,"menu_order":0,"comment_status":"closed","ping_status":"closed","template":"","meta":[],"acf":[],"_links":{"self":[{"href":"https:\/\/celinaresort.com\/vi\/wp-json\/wp\/v2\/pages\/8210"}],"collection":[{"href":"https:\/\/celinaresort.com\/vi\/wp-json\/wp\/v2\/pages"}],"about":[{"href":"https:\/\/celinaresort.com\/vi\/wp-json\/wp\/v2\/types\/page"}],"author":[{"embeddable":true,"href":"https:\/\/celinaresort.com\/vi\/wp-json\/wp\/v2\/users\/1"}],"replies":[{"embeddable":true,"href":"https:\/\/celinaresort.com\/vi\/wp-json\/wp\/v2\/comments?post=8210"}],"version-history":[{"count":15,"href":"https:\/\/celinaresort.com\/vi\/wp-json\/wp\/v2\/pages\/8210\/revisions"}],"predecessor-version":[{"id":11321,"href":"https:\/\/celinaresort.com\/vi\/wp-json\/wp\/v2\/pages\/8210\/revisions\/11321"}],"up":[{"embeddable":true,"href":"https:\/\/celinaresort.com\/vi\/wp-json\/wp\/v2\/pages\/8205"}],"wp:attachment":[{"href":"https:\/\/celinaresort.com\/vi\/wp-json\/wp\/v2\/media?parent=8210"}],"curies":[{"name":"wp","href":"https:\/\/api.w.org\/{rel}","templated":true}]}}