{"id":7527,"date":"2021-03-06T19:40:49","date_gmt":"2021-03-06T12:40:49","guid":{"rendered":"http:\/\/celinaresort.com\/?page_id=7527"},"modified":"2024-12-06T20:33:55","modified_gmt":"2024-12-06T13:33:55","slug":"dich-vu-cao-cap","status":"publish","type":"page","link":"https:\/\/celinaresort.com\/vi\/dich-vu-cao-cap","title":{"rendered":"D\u1ecbch v\u1ee5 cao c\u1ea5p"},"content":{"rendered":"\t\t<div data-elementor-type=\"wp-page\" data-elementor-id=\"7527\" class=\"elementor elementor-7527 elementor-4986\" data-elementor-post-type=\"page\">\n\t\t\t\t\t\t\t\t\t<section class=\"elementor-section elementor-top-section elementor-element elementor-element-069e747 elementor-section-full_width elementor-section-height-min-height elementor-section-stretched elementor-section-height-default elementor-section-items-middle qodef-elementor-content-no\" data-id=\"069e747\" data-element_type=\"section\" data-settings=\"{&quot;stretch_section&quot;:&quot;section-stretched&quot;,&quot;background_background&quot;:&quot;classic&quot;}\">\n\t\t\t\t\t\t<div class=\"elementor-container elementor-column-gap-default\">\n\t\t\t\t\t<div class=\"elementor-column elementor-col-100 elementor-top-column elementor-element elementor-element-7e1fd5e\" data-id=\"7e1fd5e\" data-element_type=\"column\">\n\t\t\t<div class=\"elementor-widget-wrap\">\n\t\t\t\t\t\t\t\t\t<\/div>\n\t\t<\/div>\n\t\t\t\t\t\t\t<\/div>\n\t\t<\/section>\n\t\t\t\t<section class=\"elementor-section elementor-top-section elementor-element elementor-element-16b67b2 elementor-section-boxed elementor-section-height-default elementor-section-height-default qodef-elementor-content-no\" data-id=\"16b67b2\" data-element_type=\"section\">\n\t\t\t\t\t\t<div class=\"elementor-container elementor-column-gap-default\">\n\t\t\t\t\t<div class=\"elementor-column elementor-col-100 elementor-top-column elementor-element elementor-element-fb211fe\" data-id=\"fb211fe\" data-element_type=\"column\">\n\t\t\t<div class=\"elementor-widget-wrap elementor-element-populated\">\n\t\t\t\t\t\t\t\t<div class=\"elementor-element elementor-element-bddd04a elementor-widget elementor-widget-html\" data-id=\"bddd04a\" data-element_type=\"widget\" data-widget_type=\"html.default\">\n\t\t\t\t<div class=\"elementor-widget-container\">\n\t\t\t<!-- start Search form script -->\r\n<div id=\"block-search\">\r\n  <div id=\"be-search-form\" class=\"be-container\">\r\n    <a href=\"https:\/\/exely.com\/\" rel=\"nofollow noopener\" target=\"_blank\">Hotel management software<\/a>\r\n  <\/div>\r\n<\/div>\r\n<!-- end Search form script -->\t\t<\/div>\n\t\t\t\t<\/div>\n\t\t\t\t\t<\/div>\n\t\t<\/div>\n\t\t\t\t\t\t\t<\/div>\n\t\t<\/section>\n\t\t\t\t<section class=\"elementor-section elementor-top-section elementor-element elementor-element-3d07e84 elementor-section-boxed elementor-section-height-default elementor-section-height-default qodef-elementor-content-no\" data-id=\"3d07e84\" data-element_type=\"section\">\n\t\t\t\t\t\t<div class=\"elementor-container elementor-column-gap-default\">\n\t\t\t\t\t<div class=\"elementor-column elementor-col-100 elementor-top-column elementor-element elementor-element-7aac561\" data-id=\"7aac561\" data-element_type=\"column\">\n\t\t\t<div class=\"elementor-widget-wrap elementor-element-populated\">\n\t\t\t\t\t\t\t\t<div class=\"elementor-element elementor-element-f748865 elementor-widget elementor-widget-heading\" data-id=\"f748865\" data-element_type=\"widget\" data-widget_type=\"heading.default\">\n\t\t\t\t<div class=\"elementor-widget-container\">\n\t\t\t<h2 class=\"elementor-heading-title elementor-size-default\">D\u1ecbch V\u1ee5 Cao C\u1ea5p<\/h2>\t\t<\/div>\n\t\t\t\t<\/div>\n\t\t\t\t<div class=\"elementor-element elementor-element-43d69e0 elementor-widget elementor-widget-text-editor\" data-id=\"43d69e0\" data-element_type=\"widget\" data-widget_type=\"text-editor.default\">\n\t\t\t\t<div class=\"elementor-widget-container\">\n\t\t\t\t\t\t\t<p><span style=\"font-size: 14pt; color: #000000;\">Celina Peninsula Resort cung c\u1ea5p c\u00e1c ti\u1ec7n nghi v\u00e0 d\u1ecbch v\u1ee5 ngh\u1ec9 d\u01b0\u1ee1ng hi\u1ec7n \u0111\u1ea1i m\u00e0 b\u1ea1n c\u1ea7n \u0111\u1ec3 kh\u00e1m ph\u00e1 v\u00f9ng duy\u00ean h\u1ea3i mi\u1ec1n Trung Vi\u1ec7t Nam, gi\u00fap k\u1ef3 ngh\u1ec9 c\u1ee7a b\u1ea1n v\u1eeba th\u01b0 gi\u00e3n v\u1eeba th\u00fa v\u1ecb.<\/span><\/p>\t\t\t\t\t\t<\/div>\n\t\t\t\t<\/div>\n\t\t\t\t\t<\/div>\n\t\t<\/div>\n\t\t\t\t\t\t\t<\/div>\n\t\t<\/section>\n\t\t\t\t<section class=\"elementor-section elementor-top-section elementor-element elementor-element-13a53e8 elementor-section-boxed elementor-section-height-default elementor-section-height-default qodef-elementor-content-no\" data-id=\"13a53e8\" data-element_type=\"section\">\n\t\t\t\t\t\t<div class=\"elementor-container elementor-column-gap-default\">\n\t\t\t\t\t<div class=\"elementor-column elementor-col-100 elementor-top-column elementor-element elementor-element-a6a4e97\" data-id=\"a6a4e97\" data-element_type=\"column\">\n\t\t\t<div class=\"elementor-widget-wrap elementor-element-populated\">\n\t\t\t\t\t\t\t\t<div class=\"elementor-element elementor-element-4a9f7ff elementor-widget elementor-widget-deo-box-resort\" data-id=\"4a9f7ff\" data-element_type=\"widget\" data-widget_type=\"deo-box-resort.default\">\n\t\t\t\t<div class=\"elementor-widget-container\">\n\t\t\t<div class=\"sqs-block image-block sqs-block-image elementor-image-box-wrapper\"><div class=\"sqs-block-content\"><figure class=\"sqs-block-image-figure image-block-outer-wrapper image-block-v2 image-position-left show-on-scroll\"><div class=\"intrinsic\"><div class=\"image-inset content-fit\"><img width=\"996\" height=\"665\" src=\"https:\/\/celinaresort.com\/wp-content\/uploads\/2022\/06\/TVH00436-996x665.jpg\" class=\"attachment-img-box-resort size-img-box-resort wp-image-9776\" alt=\"\" decoding=\"async\" loading=\"lazy\" srcset=\"https:\/\/celinaresort.com\/wp-content\/uploads\/2022\/06\/TVH00436-996x665.jpg 996w, https:\/\/celinaresort.com\/wp-content\/uploads\/2022\/06\/TVH00436-300x200.jpg 300w, https:\/\/celinaresort.com\/wp-content\/uploads\/2022\/06\/TVH00436-1024x683.jpg 1024w, https:\/\/celinaresort.com\/wp-content\/uploads\/2022\/06\/TVH00436-768x512.jpg 768w, https:\/\/celinaresort.com\/wp-content\/uploads\/2022\/06\/TVH00436-1536x1024.jpg 1536w, https:\/\/celinaresort.com\/wp-content\/uploads\/2022\/06\/TVH00436-2048x1365.jpg 2048w, https:\/\/celinaresort.com\/wp-content\/uploads\/2022\/06\/TVH00436-600x400.jpg 600w\" sizes=\"(max-width: 996px) 100vw, 996px\" \/><div class=\"image-overlay\"><\/div><\/div><\/div><figcaption class=\"image-card-wrapper elementor-image-box-content\"><div class=\"image-card sqs-dynamic-text-container\"><div class=\"image-title-wrapper\"><div class=\"image-title sqs-dynamic-text\"><h3 class=\"elementor-image-box-title\">Trung t\u00e2m th\u1ec3 thao<\/h3><\/div><\/div><div class=\"image-subtitle-wrapper\"><div class=\"image-subtitle sqs-dynamic-text elementor-image-box-description\"><p><span style=\"color: #ffffff; font-size: 12pt;\">Th\u1eddi gian m\u1edf c\u1eeda: 6H00 S\u00c1NG - 8H00 T\u1ed0I<\/span><\/p><p><span style=\"color: #ffffff; font-size: 12pt;\">Mi\u1ec5n ph\u00ed<\/span><\/p><p><span style=\"color: #ffffff; font-size: 12pt;\">Ph\u00f2ng t\u1eadp th\u1ec3 d\u1ee5c c\u1ee7a ch\u00fang t\u00f4i nh\u00ecn ra khu v\u01b0\u1eddn r\u1ee3p b\u00f3ng c\u00e2y v\u00e0 h\u1ed3 b\u01a1i, v\u1edbi t\u1ea1, m\u00e1y m\u00f3c v\u00e0 kh\u00f4ng gian \u0111\u1eb7c bi\u1ec7t d\u00e0nh cho yoga.<\/span><\/p><\/div><\/div><div class=\"image-button-wrapper\"><div class=\"image-button sqs-dynamic-text\"><div class=\"image-button-inner\"><\/div><\/div><\/div><\/div><\/figcaption><\/figure><\/div><\/div>\t\t<\/div>\n\t\t\t\t<\/div>\n\t\t\t\t<div class=\"elementor-element elementor-element-46eccf5 elementor-widget elementor-widget-deo-box-resort\" data-id=\"46eccf5\" data-element_type=\"widget\" data-widget_type=\"deo-box-resort.default\">\n\t\t\t\t<div class=\"elementor-widget-container\">\n\t\t\t<div class=\"sqs-block image-block sqs-block-image elementor-image-box-wrapper\"><div class=\"sqs-block-content\"><figure class=\"sqs-block-image-figure image-block-outer-wrapper image-block-v2 image-position-right show-on-scroll\"><div class=\"intrinsic\"><div class=\"image-inset content-fit\"><img width=\"1620\" height=\"1080\" src=\"https:\/\/celinaresort.com\/wp-content\/uploads\/2024\/10\/z5787073109356_2bd1c393535f14eb3dee64a466e3b0b0.jpg\" class=\"attachment-full size-full wp-image-11163\" alt=\"\" decoding=\"async\" loading=\"lazy\" srcset=\"https:\/\/celinaresort.com\/wp-content\/uploads\/2024\/10\/z5787073109356_2bd1c393535f14eb3dee64a466e3b0b0.jpg 1620w, https:\/\/celinaresort.com\/wp-content\/uploads\/2024\/10\/z5787073109356_2bd1c393535f14eb3dee64a466e3b0b0-300x200.jpg 300w, https:\/\/celinaresort.com\/wp-content\/uploads\/2024\/10\/z5787073109356_2bd1c393535f14eb3dee64a466e3b0b0-1024x683.jpg 1024w, https:\/\/celinaresort.com\/wp-content\/uploads\/2024\/10\/z5787073109356_2bd1c393535f14eb3dee64a466e3b0b0-768x512.jpg 768w, https:\/\/celinaresort.com\/wp-content\/uploads\/2024\/10\/z5787073109356_2bd1c393535f14eb3dee64a466e3b0b0-1536x1024.jpg 1536w, https:\/\/celinaresort.com\/wp-content\/uploads\/2024\/10\/z5787073109356_2bd1c393535f14eb3dee64a466e3b0b0-996x665.jpg 996w, https:\/\/celinaresort.com\/wp-content\/uploads\/2024\/10\/z5787073109356_2bd1c393535f14eb3dee64a466e3b0b0-600x400.jpg 600w\" sizes=\"(max-width: 1620px) 100vw, 1620px\" \/><div class=\"image-overlay\"><\/div><\/div><\/div><figcaption class=\"image-card-wrapper elementor-image-box-content\"><div class=\"image-card sqs-dynamic-text-container\"><div class=\"image-title-wrapper\"><div class=\"image-title sqs-dynamic-text\"><h3 class=\"elementor-image-box-title\">C\u00e2u L\u1ea1c B\u1ed9 Tr\u1ebb em<\/h3><\/div><\/div><div class=\"image-subtitle-wrapper\"><div class=\"image-subtitle sqs-dynamic-text elementor-image-box-description\"><p><span style=\"color: #ffffff; font-size: 12pt;\">Th\u1eddi gian m\u1edf c\u1eeda:<\/span><\/p><p><span style=\"color: #ffffff; font-size: 12pt;\">7H00 S\u00c1NG - 9H00 T\u1ed0I<\/span><\/p><p><span style=\"color: #ffffff; font-size: 12pt;\">Mi\u1ec5n ph\u00ed<\/span><\/p><p><span style=\"color: #ffffff; font-size: 12pt;\">M\u00e0u s\u1eafc ng\u1eadp tr\u00e0n kh\u1eafp c\u0103n ph\u00f2ng, \u1edf \u0111\u00e2y ch\u00fang t\u00f4i lu\u00f4n ch\u00e0o \u0111\u00f3n c\u00e1c b\u1ea1n nh\u1ecf c\u00f9ng v\u1edbi r\u1ea5t nhi\u1ec1u \u0111\u1ed3 ch\u01a1i v\u00e0 tr\u00f2 ch\u01a1i. Celina \u0111\u00e3 thi\u1ebft k\u1ebf C\u00e2u l\u1ea1c b\u1ed9 d\u00e0nh cho tr\u1ebb em r\u1ed9ng l\u1edbn h\u01a1n \u0111\u1ec3 c\u00e1c em c\u00f3 th\u1ec3 t\u1eadn h\u01b0\u1edfng k\u1ef3 ngh\u1ec9 m\u1ed9t c\u00e1ch vui v\u1ebb nh\u1ea5t.<\/span><br \/><span style=\"font-size: 12pt; color: #ffffff;\">C\u00e2u l\u1ea1c b\u1ed9 Kid's c\u1ee7a ch\u00fang t\u00f4i mang \u0111\u1ebfn cho c\u00e1c em nh\u1ecf t\u1eeb 4 \u0111\u1ebfn 12 tu\u1ed5i kh\u00f4ng gian ri\u00eang \u0111\u1ec3 vui ch\u01a1i v\u00e0 g\u1eb7p g\u1ee1 nh\u1eefng v\u1ecb kh\u00e1ch nh\u1ecf tu\u1ed5i kh\u00e1c. Tr\u1ebb em d\u01b0\u1edbi b\u1ed1n tu\u1ed5i ph\u1ea3i c\u00f3 ng\u01b0\u1eddi l\u1edbn \u0111i k\u00e8m.<\/span><\/p><\/div><\/div><div class=\"image-button-wrapper\"><div class=\"image-button sqs-dynamic-text\"><div class=\"image-button-inner\"><a class=\"elementor-image-box-btn\" href=\"\/vi\/dich-vu-cao-cap\/cau-lac-bo-tre-em\">Xem th\u00eam<\/a><\/div><\/div><\/div><\/div><\/figcaption><\/figure><\/div><\/div>\t\t<\/div>\n\t\t\t\t<\/div>\n\t\t\t\t<div class=\"elementor-element elementor-element-b03630e elementor-widget elementor-widget-deo-box-resort\" data-id=\"b03630e\" data-element_type=\"widget\" data-widget_type=\"deo-box-resort.default\">\n\t\t\t\t<div class=\"elementor-widget-container\">\n\t\t\t<div class=\"sqs-block image-block sqs-block-image elementor-image-box-wrapper\"><div class=\"sqs-block-content\"><figure class=\"sqs-block-image-figure image-block-outer-wrapper image-block-v2 image-position-left show-on-scroll\"><div class=\"intrinsic\"><div class=\"image-inset content-fit\"><img width=\"2560\" height=\"1440\" src=\"https:\/\/celinaresort.com\/wp-content\/uploads\/2024\/10\/be-boi.jpg\" class=\"attachment-full size-full wp-image-11173\" alt=\"\" decoding=\"async\" loading=\"lazy\" srcset=\"https:\/\/celinaresort.com\/wp-content\/uploads\/2024\/10\/be-boi.jpg 2560w, https:\/\/celinaresort.com\/wp-content\/uploads\/2024\/10\/be-boi-300x169.jpg 300w, https:\/\/celinaresort.com\/wp-content\/uploads\/2024\/10\/be-boi-1024x576.jpg 1024w, https:\/\/celinaresort.com\/wp-content\/uploads\/2024\/10\/be-boi-768x432.jpg 768w, https:\/\/celinaresort.com\/wp-content\/uploads\/2024\/10\/be-boi-1536x864.jpg 1536w, https:\/\/celinaresort.com\/wp-content\/uploads\/2024\/10\/be-boi-2048x1152.jpg 2048w, https:\/\/celinaresort.com\/wp-content\/uploads\/2024\/10\/be-boi-600x338.jpg 600w\" sizes=\"(max-width: 2560px) 100vw, 2560px\" \/><div class=\"image-overlay\"><\/div><\/div><\/div><figcaption class=\"image-card-wrapper elementor-image-box-content\"><div class=\"image-card sqs-dynamic-text-container\"><div class=\"image-title-wrapper\"><div class=\"image-title sqs-dynamic-text\"><h3 class=\"elementor-image-box-title\">B\u1ec3 b\u01a1i ngo\u00e0i tr\u1eddi<\/h3><\/div><\/div><div class=\"image-subtitle-wrapper\"><div class=\"image-subtitle sqs-dynamic-text elementor-image-box-description\"><p><span style=\"color: #ffffff; font-size: 12pt;\">Th\u1eddi gian m\u1edf c\u1eeda:<\/span><\/p><p><span style=\"color: #ffffff; font-size: 12pt;\">6H00 S\u00c1NG- 7H00 CHI\u1ec0U<\/span><\/p><p><span style=\"color: #ffffff; font-size: 12pt;\">Mi\u1ec5n ph\u00ed<\/span><\/p><p><span style=\"color: #ffffff; font-size: 12pt;\">\u00c1o phao mi\u1ec5n ph\u00ed<\/span><\/p><\/div><\/div><div class=\"image-button-wrapper\"><div class=\"image-button sqs-dynamic-text\"><div class=\"image-button-inner\"><\/div><\/div><\/div><\/div><\/figcaption><\/figure><\/div><\/div>\t\t<\/div>\n\t\t\t\t<\/div>\n\t\t\t\t<div class=\"elementor-element elementor-element-2e22d19 elementor-widget elementor-widget-deo-box-resort\" data-id=\"2e22d19\" data-element_type=\"widget\" data-widget_type=\"deo-box-resort.default\">\n\t\t\t\t<div class=\"elementor-widget-container\">\n\t\t\t<div class=\"sqs-block image-block sqs-block-image elementor-image-box-wrapper\"><div class=\"sqs-block-content\"><figure class=\"sqs-block-image-figure image-block-outer-wrapper image-block-v2 image-position-right show-on-scroll\"><div class=\"intrinsic\"><div class=\"image-inset content-fit\"><img width=\"1608\" height=\"1072\" src=\"https:\/\/celinaresort.com\/wp-content\/uploads\/2024\/10\/z4859526916056_4ac93e058b5a7ec33d38cfa3902bad54.jpg\" class=\"attachment-full size-full wp-image-11176\" alt=\"\" decoding=\"async\" loading=\"lazy\" srcset=\"https:\/\/celinaresort.com\/wp-content\/uploads\/2024\/10\/z4859526916056_4ac93e058b5a7ec33d38cfa3902bad54.jpg 1608w, https:\/\/celinaresort.com\/wp-content\/uploads\/2024\/10\/z4859526916056_4ac93e058b5a7ec33d38cfa3902bad54-300x200.jpg 300w, https:\/\/celinaresort.com\/wp-content\/uploads\/2024\/10\/z4859526916056_4ac93e058b5a7ec33d38cfa3902bad54-1024x683.jpg 1024w, https:\/\/celinaresort.com\/wp-content\/uploads\/2024\/10\/z4859526916056_4ac93e058b5a7ec33d38cfa3902bad54-768x512.jpg 768w, https:\/\/celinaresort.com\/wp-content\/uploads\/2024\/10\/z4859526916056_4ac93e058b5a7ec33d38cfa3902bad54-1536x1024.jpg 1536w, https:\/\/celinaresort.com\/wp-content\/uploads\/2024\/10\/z4859526916056_4ac93e058b5a7ec33d38cfa3902bad54-996x665.jpg 996w, https:\/\/celinaresort.com\/wp-content\/uploads\/2024\/10\/z4859526916056_4ac93e058b5a7ec33d38cfa3902bad54-600x400.jpg 600w\" sizes=\"(max-width: 1608px) 100vw, 1608px\" \/><div class=\"image-overlay\"><\/div><\/div><\/div><figcaption class=\"image-card-wrapper elementor-image-box-content\"><div class=\"image-card sqs-dynamic-text-container\"><div class=\"image-title-wrapper\"><div class=\"image-title sqs-dynamic-text\"><h3 class=\"elementor-image-box-title\">C\u1eeda h\u00e0ng<\/h3><\/div><\/div><div class=\"image-subtitle-wrapper\"><div class=\"image-subtitle sqs-dynamic-text elementor-image-box-description\"><p class=\"\" style=\"text-align: justify;\"><span style=\"font-size: 12pt; color: #ffffff;\">B\u1ea1n s\u1ebd t\u00ecm th\u1ea5y b\u1ed9 s\u01b0u t\u1eadp qu\u1ea7n \u00e1o b\u01a1i \u0111\u01b0\u1ee3c t\u1ea1o ra b\u1edfi th\u01b0\u01a1ng hi\u1ec7u h\u00e0ng \u0111\u1ea7u Vi\u1ec7t Nam.<\/span><\/p><\/div><\/div><div class=\"image-button-wrapper\"><div class=\"image-button sqs-dynamic-text\"><div class=\"image-button-inner\"><\/div><\/div><\/div><\/div><\/figcaption><\/figure><\/div><\/div>\t\t<\/div>\n\t\t\t\t<\/div>\n\t\t\t\t<div class=\"elementor-element elementor-element-bd78422 elementor-widget elementor-widget-deo-box-resort\" data-id=\"bd78422\" data-element_type=\"widget\" data-widget_type=\"deo-box-resort.default\">\n\t\t\t\t<div class=\"elementor-widget-container\">\n\t\t\t<div class=\"sqs-block image-block sqs-block-image elementor-image-box-wrapper\"><div class=\"sqs-block-content\"><figure class=\"sqs-block-image-figure image-block-outer-wrapper image-block-v2 image-position-left show-on-scroll\"><div class=\"intrinsic\"><div class=\"image-inset content-fit\"><img width=\"2560\" height=\"1706\" src=\"https:\/\/celinaresort.com\/wp-content\/uploads\/2024\/10\/z5916036219047_0711060b9f81dfafe9ad8afc15edf6dc.jpg\" class=\"attachment-full size-full wp-image-11158\" alt=\"\" decoding=\"async\" loading=\"lazy\" srcset=\"https:\/\/celinaresort.com\/wp-content\/uploads\/2024\/10\/z5916036219047_0711060b9f81dfafe9ad8afc15edf6dc.jpg 2560w, https:\/\/celinaresort.com\/wp-content\/uploads\/2024\/10\/z5916036219047_0711060b9f81dfafe9ad8afc15edf6dc-300x200.jpg 300w, https:\/\/celinaresort.com\/wp-content\/uploads\/2024\/10\/z5916036219047_0711060b9f81dfafe9ad8afc15edf6dc-1024x682.jpg 1024w, https:\/\/celinaresort.com\/wp-content\/uploads\/2024\/10\/z5916036219047_0711060b9f81dfafe9ad8afc15edf6dc-768x512.jpg 768w, https:\/\/celinaresort.com\/wp-content\/uploads\/2024\/10\/z5916036219047_0711060b9f81dfafe9ad8afc15edf6dc-1536x1024.jpg 1536w, https:\/\/celinaresort.com\/wp-content\/uploads\/2024\/10\/z5916036219047_0711060b9f81dfafe9ad8afc15edf6dc-2048x1365.jpg 2048w, https:\/\/celinaresort.com\/wp-content\/uploads\/2024\/10\/z5916036219047_0711060b9f81dfafe9ad8afc15edf6dc-996x665.jpg 996w, https:\/\/celinaresort.com\/wp-content\/uploads\/2024\/10\/z5916036219047_0711060b9f81dfafe9ad8afc15edf6dc-600x400.jpg 600w\" sizes=\"(max-width: 2560px) 100vw, 2560px\" \/><div class=\"image-overlay\"><\/div><\/div><\/div><figcaption class=\"image-card-wrapper elementor-image-box-content\"><div class=\"image-card sqs-dynamic-text-container\"><div class=\"image-title-wrapper\"><div class=\"image-title sqs-dynamic-text\"><h3 class=\"elementor-image-box-title\">C\u00e1c d\u1ecbch v\u1ee5 kh\u00e1c<\/h3><\/div><\/div><div class=\"image-subtitle-wrapper\"><div class=\"image-subtitle sqs-dynamic-text elementor-image-box-description\"><p>Pickleball<\/p><p>\u00a0<\/p><\/div><\/div><div class=\"image-button-wrapper\"><div class=\"image-button sqs-dynamic-text\"><div class=\"image-button-inner\"><a class=\"elementor-image-box-btn\" href=\"\/vi\/dich-vu-cao-cap\/cac-dich-vu-khac\">Xem th\u00eam<\/a><\/div><\/div><\/div><\/div><\/figcaption><\/figure><\/div><\/div>\t\t<\/div>\n\t\t\t\t<\/div>\n\t\t\t\t\t<\/div>\n\t\t<\/div>\n\t\t\t\t\t\t\t<\/div>\n\t\t<\/section>\n\t\t\t\t\t\t\t<\/div>\n\t\t","protected":false},"excerpt":{"rendered":"<p>Hotel management software D\u1ecbch V\u1ee5 Cao C\u1ea5p Celina Peninsula Resort cung c\u1ea5p c\u00e1c ti\u1ec7n nghi v\u00e0 d\u1ecbch v\u1ee5 ngh\u1ec9 d\u01b0\u1ee1ng hi\u1ec7n \u0111\u1ea1i m\u00e0 b\u1ea1n c\u1ea7n \u0111\u1ec3 kh\u00e1m ph\u00e1 v\u00f9ng duy\u00ean h\u1ea3i mi\u1ec1n Trung Vi\u1ec7t Nam, gi\u00fap k\u1ef3 ngh\u1ec9 c\u1ee7a b\u1ea1n v\u1eeba th\u01b0 gi\u00e3n v\u1eeba th\u00fa v\u1ecb. Trung t\u00e2m th\u1ec3 thao Th\u1eddi gian m\u1edf c\u1eeda: 6H00 [&hellip;]<\/p>\n","protected":false},"author":1,"featured_media":0,"parent":0,"menu_order":0,"comment_status":"closed","ping_status":"closed","template":"","meta":[],"acf":[],"_links":{"self":[{"href":"https:\/\/celinaresort.com\/vi\/wp-json\/wp\/v2\/pages\/7527"}],"collection":[{"href":"https:\/\/celinaresort.com\/vi\/wp-json\/wp\/v2\/pages"}],"about":[{"href":"https:\/\/celinaresort.com\/vi\/wp-json\/wp\/v2\/types\/page"}],"author":[{"embeddable":true,"href":"https:\/\/celinaresort.com\/vi\/wp-json\/wp\/v2\/users\/1"}],"replies":[{"embeddable":true,"href":"https:\/\/celinaresort.com\/vi\/wp-json\/wp\/v2\/comments?post=7527"}],"version-history":[{"count":110,"href":"https:\/\/celinaresort.com\/vi\/wp-json\/wp\/v2\/pages\/7527\/revisions"}],"predecessor-version":[{"id":11342,"href":"https:\/\/celinaresort.com\/vi\/wp-json\/wp\/v2\/pages\/7527\/revisions\/11342"}],"wp:attachment":[{"href":"https:\/\/celinaresort.com\/vi\/wp-json\/wp\/v2\/media?parent=7527"}],"curies":[{"name":"wp","href":"https:\/\/api.w.org\/{rel}","templated":true}]}}