{"id":5557,"date":"2021-03-15T07:05:15","date_gmt":"2021-03-15T07:05:15","guid":{"rendered":"http:\/\/celinaresort.com\/?page_id=5557"},"modified":"2024-12-06T20:39:21","modified_gmt":"2024-12-06T13:39:21","slug":"trong-nha","status":"publish","type":"page","link":"https:\/\/celinaresort.com\/vi\/su-kien\/trong-nha","title":{"rendered":"Trong nh\u00e0"},"content":{"rendered":"\t\t<div data-elementor-type=\"wp-page\" data-elementor-id=\"5557\" class=\"elementor elementor-5557\" data-elementor-post-type=\"page\">\n\t\t\t\t\t\t\t\t\t<section class=\"elementor-section elementor-top-section elementor-element elementor-element-5b72123 elementor-section-full_width elementor-section-height-min-height elementor-section-stretched elementor-section-height-default elementor-section-items-middle qodef-elementor-content-no\" data-id=\"5b72123\" data-element_type=\"section\" data-settings=\"{&quot;stretch_section&quot;:&quot;section-stretched&quot;,&quot;background_background&quot;:&quot;classic&quot;}\">\n\t\t\t\t\t\t<div class=\"elementor-container elementor-column-gap-default\">\n\t\t\t\t\t<div class=\"elementor-column elementor-col-100 elementor-top-column elementor-element elementor-element-cc5deaa\" data-id=\"cc5deaa\" data-element_type=\"column\">\n\t\t\t<div class=\"elementor-widget-wrap\">\n\t\t\t\t\t\t\t\t\t<\/div>\n\t\t<\/div>\n\t\t\t\t\t\t\t<\/div>\n\t\t<\/section>\n\t\t\t\t<section class=\"elementor-section elementor-top-section elementor-element elementor-element-e8ceb4f elementor-section-boxed elementor-section-height-default elementor-section-height-default qodef-elementor-content-no\" data-id=\"e8ceb4f\" data-element_type=\"section\">\n\t\t\t\t\t\t<div class=\"elementor-container elementor-column-gap-default\">\n\t\t\t\t\t<div class=\"elementor-column elementor-col-100 elementor-top-column elementor-element elementor-element-84fed96\" data-id=\"84fed96\" data-element_type=\"column\">\n\t\t\t<div class=\"elementor-widget-wrap elementor-element-populated\">\n\t\t\t\t\t\t\t\t<div class=\"elementor-element elementor-element-222eee9 elementor-widget elementor-widget-html\" data-id=\"222eee9\" data-element_type=\"widget\" data-widget_type=\"html.default\">\n\t\t\t\t<div class=\"elementor-widget-container\">\n\t\t\t<!-- start Search form script -->\r\n<div id=\"block-search\">\r\n  <div id=\"be-search-form\" class=\"be-container\">\r\n    <a href=\"https:\/\/exely.com\/\" rel=\"nofollow noopener\" target=\"_blank\">Hotel management software<\/a>\r\n  <\/div>\r\n<\/div>\r\n<!-- end Search form script -->\t\t<\/div>\n\t\t\t\t<\/div>\n\t\t\t\t\t<\/div>\n\t\t<\/div>\n\t\t\t\t\t\t\t<\/div>\n\t\t<\/section>\n\t\t\t\t<section class=\"elementor-section elementor-top-section elementor-element elementor-element-77ef7e7 elementor-section-boxed elementor-section-height-default elementor-section-height-default qodef-elementor-content-no\" data-id=\"77ef7e7\" data-element_type=\"section\">\n\t\t\t\t\t\t<div class=\"elementor-container elementor-column-gap-default\">\n\t\t\t\t\t<div class=\"elementor-column elementor-col-100 elementor-top-column elementor-element elementor-element-00d2b3f\" data-id=\"00d2b3f\" data-element_type=\"column\">\n\t\t\t<div class=\"elementor-widget-wrap elementor-element-populated\">\n\t\t\t\t\t\t\t\t<div class=\"elementor-element elementor-element-fd22b74 elementor-widget elementor-widget-heading\" data-id=\"fd22b74\" data-element_type=\"widget\" data-widget_type=\"heading.default\">\n\t\t\t\t<div class=\"elementor-widget-container\">\n\t\t\t<h2 class=\"elementor-heading-title elementor-size-default\">Trong nh\u00e0<\/h2>\t\t<\/div>\n\t\t\t\t<\/div>\n\t\t\t\t<div class=\"elementor-element elementor-element-94e3c80 elementor-widget elementor-widget-text-editor\" data-id=\"94e3c80\" data-element_type=\"widget\" data-widget_type=\"text-editor.default\">\n\t\t\t\t<div class=\"elementor-widget-container\">\n\t\t\t\t\t\t\t<p><span style=\"font-family: 'book antiqua', palatino, serif;\">H\u00e3y t\u1ed5 ch\u1ee9c cu\u1ed9c h\u1ecdp ho\u1eb7c s\u1ef1 ki\u1ec7n ti\u1ebfp theo c\u1ee7a b\u1ea1n t\u1ea1i Celina Peninsula Resort v\u00e0 t\u1eadn h\u01b0\u1edfng s\u1ef1 sang tr\u1ecdng c\u1ee7a m\u1ed9t trong nh\u1eefng \u0111\u1ecba \u0111i\u1ec3m ri\u00eang t\u01b0 v\u00e0 tinh t\u1ebf nh\u1ea5t Vi\u1ec7t Nam.<\/span><\/p><p><span style=\"font-family: 'book antiqua', palatino, serif;\">Khu ngh\u1ec9 d\u01b0\u1ee1ng c\u1ee7a ch\u00fang t\u00f4i c\u00f3 3 ph\u00f2ng h\u1ecdp trang nh\u00e3 trong nh\u00e0 v\u1edbi \u00e1nh s\u00e1ng t\u1ef1 nhi\u00ean h\u1ea1ng nh\u1ea5t, trang thi\u1ebft b\u1ecb hi\u1ec7n \u0111\u1ea1i v\u00e0 \u0111\u00e2y l\u00e0 m\u1ed9t trong nh\u1eefng ph\u00f2ng h\u1ecdp l\u1edbn nh\u1ea5t \u1edf Qu\u1ea3ng B\u00ecnh.<\/span><\/p>\t\t\t\t\t\t<\/div>\n\t\t\t\t<\/div>\n\t\t\t\t\t<\/div>\n\t\t<\/div>\n\t\t\t\t\t\t\t<\/div>\n\t\t<\/section>\n\t\t\t\t<section class=\"elementor-section elementor-top-section elementor-element elementor-element-f62df67 elementor-section-boxed elementor-section-height-default elementor-section-height-default qodef-elementor-content-no\" data-id=\"f62df67\" data-element_type=\"section\">\n\t\t\t\t\t\t<div class=\"elementor-container elementor-column-gap-default\">\n\t\t\t\t\t<div class=\"elementor-column elementor-col-100 elementor-top-column elementor-element elementor-element-7662bc2\" data-id=\"7662bc2\" data-element_type=\"column\">\n\t\t\t<div class=\"elementor-widget-wrap elementor-element-populated\">\n\t\t\t\t\t\t\t\t<div class=\"elementor-element elementor-element-9d45c83 elementor-widget elementor-widget-deo-box-resort\" data-id=\"9d45c83\" data-element_type=\"widget\" data-widget_type=\"deo-box-resort.default\">\n\t\t\t\t<div class=\"elementor-widget-container\">\n\t\t\t<div class=\"sqs-block image-block sqs-block-image elementor-image-box-wrapper\"><div class=\"sqs-block-content\"><figure class=\"sqs-block-image-figure image-block-outer-wrapper image-block-v2 image-position-left show-on-scroll\"><div class=\"intrinsic\"><div class=\"image-inset content-fit\"><img width=\"996\" height=\"665\" src=\"https:\/\/celinaresort.com\/wp-content\/uploads\/2024\/08\/z4583241732364_ae0d3de0d3a8dda7d5850ae61472dd14-996x665.jpg\" class=\"attachment-img-box-resort size-img-box-resort wp-image-10997\" alt=\"\" decoding=\"async\" loading=\"lazy\" srcset=\"https:\/\/celinaresort.com\/wp-content\/uploads\/2024\/08\/z4583241732364_ae0d3de0d3a8dda7d5850ae61472dd14-996x665.jpg 996w, https:\/\/celinaresort.com\/wp-content\/uploads\/2024\/08\/z4583241732364_ae0d3de0d3a8dda7d5850ae61472dd14-300x200.jpg 300w, https:\/\/celinaresort.com\/wp-content\/uploads\/2024\/08\/z4583241732364_ae0d3de0d3a8dda7d5850ae61472dd14-768x512.jpg 768w, https:\/\/celinaresort.com\/wp-content\/uploads\/2024\/08\/z4583241732364_ae0d3de0d3a8dda7d5850ae61472dd14-1536x1024.jpg 1536w, https:\/\/celinaresort.com\/wp-content\/uploads\/2024\/08\/z4583241732364_ae0d3de0d3a8dda7d5850ae61472dd14-2048x1365.jpg 2048w, https:\/\/celinaresort.com\/wp-content\/uploads\/2024\/08\/z4583241732364_ae0d3de0d3a8dda7d5850ae61472dd14-600x400.jpg 600w\" sizes=\"(max-width: 996px) 100vw, 996px\" \/><div class=\"image-overlay\"><\/div><\/div><\/div><figcaption class=\"image-card-wrapper elementor-image-box-content\"><div class=\"image-card sqs-dynamic-text-container\"><div class=\"image-title-wrapper\"><div class=\"image-title sqs-dynamic-text\"><h3 class=\"elementor-image-box-title\">Diamond Hall<\/h3><\/div><\/div><div class=\"image-subtitle-wrapper\"><div class=\"image-subtitle sqs-dynamic-text elementor-image-box-description\"><p><span style=\"color: #ffffff; font-size: 12pt; font-family: arial, helvetica, sans-serif;\">H\u1ed9i tr\u01b0\u1eddng c\u00f3 th\u1ec3 ch\u1ee9a t\u1edbi 650 ng\u01b0\u1eddi cho m\u1ed9t b\u1eefa ti\u1ec7c trang tr\u1ecdng ho\u1eb7c c\u00f3 th\u1ec3 b\u1ed1 tr\u00ed th\u00e0nh 2 ph\u00f2ng \u0111\u1ec3 \u0111\u00e1p \u1ee9ng nhu c\u1ea7u c\u1ee7a c\u00e1c d\u1ecbp kh\u00e1c nhau. S\u1ea3nh n\u00e0y g\u1ed3m c\u00f3 h\u1ec7 th\u1ed1ng \u00e2m thanh m\u1edbi nh\u1ea5t c\u1ee7a ph\u01b0\u01a1ng T\u00e2y v\u00e0 khu v\u1ef1c l\u1ec5 t\u00e2n \u0111\u1ec3 \u0111\u0103ng k\u00fd tr\u01b0\u1edbc s\u1ef1 ki\u1ec7n.<\/span><\/p><p><br \/><span style=\"color: #ffffff; font-size: 12pt; font-family: arial, helvetica, sans-serif;\">LCD Ch\u00ednh: 5,95m * 2,88m<\/span><\/p><p><span style=\"color: #ffffff; font-size: 12pt; font-family: arial, helvetica, sans-serif;\">LCD Ph\u1ee5: 1,92m * 2,88m<\/span><\/p><\/div><\/div><div class=\"image-button-wrapper\"><div class=\"image-button sqs-dynamic-text\"><div class=\"image-button-inner\"><\/div><\/div><\/div><\/div><\/figcaption><\/figure><\/div><\/div>\t\t<\/div>\n\t\t\t\t<\/div>\n\t\t\t\t<div class=\"elementor-element elementor-element-75a4393 elementor-widget elementor-widget-deo-box-resort\" data-id=\"75a4393\" data-element_type=\"widget\" data-widget_type=\"deo-box-resort.default\">\n\t\t\t\t<div class=\"elementor-widget-container\">\n\t\t\t<div class=\"sqs-block image-block sqs-block-image elementor-image-box-wrapper\"><div class=\"sqs-block-content\"><figure class=\"sqs-block-image-figure image-block-outer-wrapper image-block-v2 image-position-right show-on-scroll\"><div class=\"intrinsic\"><div class=\"image-inset content-fit\"><img width=\"2560\" height=\"1707\" src=\"https:\/\/celinaresort.com\/wp-content\/uploads\/2022\/03\/TVH03394-scaled.jpg\" class=\"attachment-full size-full wp-image-9555\" alt=\"\" decoding=\"async\" loading=\"lazy\" srcset=\"https:\/\/celinaresort.com\/wp-content\/uploads\/2022\/03\/TVH03394-scaled.jpg 2560w, https:\/\/celinaresort.com\/wp-content\/uploads\/2022\/03\/TVH03394-300x200.jpg 300w, https:\/\/celinaresort.com\/wp-content\/uploads\/2022\/03\/TVH03394-1024x683.jpg 1024w, https:\/\/celinaresort.com\/wp-content\/uploads\/2022\/03\/TVH03394-768x512.jpg 768w, https:\/\/celinaresort.com\/wp-content\/uploads\/2022\/03\/TVH03394-1536x1024.jpg 1536w, https:\/\/celinaresort.com\/wp-content\/uploads\/2022\/03\/TVH03394-2048x1365.jpg 2048w, https:\/\/celinaresort.com\/wp-content\/uploads\/2022\/03\/TVH03394-996x665.jpg 996w, https:\/\/celinaresort.com\/wp-content\/uploads\/2022\/03\/TVH03394-600x400.jpg 600w\" sizes=\"(max-width: 2560px) 100vw, 2560px\" \/><div class=\"image-overlay\"><\/div><\/div><\/div><figcaption class=\"image-card-wrapper elementor-image-box-content\"><div class=\"image-card sqs-dynamic-text-container\"><div class=\"image-title-wrapper\"><div class=\"image-title sqs-dynamic-text\"><h3 class=\"elementor-image-box-title\">Sapphire Hall<\/h3><\/div><\/div><div class=\"image-subtitle-wrapper\"><div class=\"image-subtitle sqs-dynamic-text elementor-image-box-description\"><p class=\"\" style=\"text-align: justify;\"><span style=\"vertical-align: inherit; color: #ffffff;\"><span style=\"vertical-align: inherit;\">Sapphire Hall l\u00e0 m\u1ed9t trong nh\u1eefng ph\u00f2ng \u0111\u01b0\u1ee3c trang b\u1ecb t\u1ed1t nh\u1ea5t c\u00f3 th\u1ec3 ch\u1ee9a \u0111\u1ebfn 200 ng\u01b0\u1eddi theo phong c\u00e1ch ti\u1ec7c.<br \/>LCD ch\u00ednh: 4,6m * 2,4m<br \/>V\u00e1ch ng\u0103n b\u1eb1ng g\u1ed7<br \/>H\u1ec7 th\u1ed1ng \u00e2m thanh \u00e1nh s\u00e1ng ph\u01b0\u01a1ng T\u00e2y<\/span><\/span><\/p><\/div><\/div><div class=\"image-button-wrapper\"><div class=\"image-button sqs-dynamic-text\"><div class=\"image-button-inner\"><\/div><\/div><\/div><\/div><\/figcaption><\/figure><\/div><\/div>\t\t<\/div>\n\t\t\t\t<\/div>\n\t\t\t\t<div class=\"elementor-element elementor-element-fe4ae22 elementor-widget elementor-widget-deo-box-resort\" data-id=\"fe4ae22\" data-element_type=\"widget\" data-widget_type=\"deo-box-resort.default\">\n\t\t\t\t<div class=\"elementor-widget-container\">\n\t\t\t<div class=\"sqs-block image-block sqs-block-image elementor-image-box-wrapper\"><div class=\"sqs-block-content\"><figure class=\"sqs-block-image-figure image-block-outer-wrapper image-block-v2 image-position-left show-on-scroll\"><div class=\"intrinsic\"><div class=\"image-inset content-fit\"><img width=\"2560\" height=\"1707\" src=\"https:\/\/celinaresort.com\/wp-content\/uploads\/2022\/06\/z3258341071605_d77e3af527f143abfaca0a9e7f3ea907.jpg\" class=\"attachment-full size-full wp-image-9805\" alt=\"\" decoding=\"async\" loading=\"lazy\" srcset=\"https:\/\/celinaresort.com\/wp-content\/uploads\/2022\/06\/z3258341071605_d77e3af527f143abfaca0a9e7f3ea907.jpg 2560w, https:\/\/celinaresort.com\/wp-content\/uploads\/2022\/06\/z3258341071605_d77e3af527f143abfaca0a9e7f3ea907-300x200.jpg 300w, https:\/\/celinaresort.com\/wp-content\/uploads\/2022\/06\/z3258341071605_d77e3af527f143abfaca0a9e7f3ea907-1024x683.jpg 1024w, https:\/\/celinaresort.com\/wp-content\/uploads\/2022\/06\/z3258341071605_d77e3af527f143abfaca0a9e7f3ea907-768x512.jpg 768w, https:\/\/celinaresort.com\/wp-content\/uploads\/2022\/06\/z3258341071605_d77e3af527f143abfaca0a9e7f3ea907-1536x1024.jpg 1536w, https:\/\/celinaresort.com\/wp-content\/uploads\/2022\/06\/z3258341071605_d77e3af527f143abfaca0a9e7f3ea907-2048x1366.jpg 2048w, https:\/\/celinaresort.com\/wp-content\/uploads\/2022\/06\/z3258341071605_d77e3af527f143abfaca0a9e7f3ea907-996x665.jpg 996w, https:\/\/celinaresort.com\/wp-content\/uploads\/2022\/06\/z3258341071605_d77e3af527f143abfaca0a9e7f3ea907-600x400.jpg 600w\" sizes=\"(max-width: 2560px) 100vw, 2560px\" \/><div class=\"image-overlay\"><\/div><\/div><\/div><figcaption class=\"image-card-wrapper elementor-image-box-content\"><div class=\"image-card sqs-dynamic-text-container\"><div class=\"image-title-wrapper\"><div class=\"image-title sqs-dynamic-text\"><h3 class=\"elementor-image-box-title\">Ruby Hall<\/h3><\/div><\/div><div class=\"image-subtitle-wrapper\"><div class=\"image-subtitle sqs-dynamic-text elementor-image-box-description\"><p class=\"text-primary\"><span style=\"color: #ffffff; font-size: 12pt;\"><em>M\u1ed9t c\u0103n ph\u00f2ng \u0111\u1eb9p v\u1edbi t\u1ea5t c\u1ea3 c\u00e1c ti\u1ec7n nghi hi\u1ec7n \u0111\u1ea1i<\/em><\/span><\/p><p><span style=\"color: #ffffff; font-size: 12pt;\">M\u1eb7t b\u00e0n b\u1eb1ng g\u1ed7 nguy\u00ean kh\u1ed1i chi\u1ebfm v\u1ecb tr\u00ed trung t\u00e2m trong c\u0103n ph\u00f2ng r\u1ed9ng 40 m\u00e9t vu\u00f4ng v\u1edbi tr\u1ea7n cao h\u01a1n ba m\u00e9t. Ph\u00f2ng n\u00e0y c\u00f3 s\u1ee9c ch\u1ee9a 20 ng\u01b0\u1eddi \u0111\u00e2y l\u00e0 m\u00f4i tr\u01b0\u1eddng ri\u00eang t\u01b0, m\u1ed9t \u0111\u1ecba \u0111i\u1ec3m ho\u00e0n h\u1ea3o cho b\u1ea5t k\u1ef3 cu\u1ed9c h\u1ecdp trang tr\u1ecdng n\u00e0o<\/span><\/p><\/div><\/div><div class=\"image-button-wrapper\"><div class=\"image-button sqs-dynamic-text\"><div class=\"image-button-inner\"><\/div><\/div><\/div><\/div><\/figcaption><\/figure><\/div><\/div>\t\t<\/div>\n\t\t\t\t<\/div>\n\t\t\t\t\t<\/div>\n\t\t<\/div>\n\t\t\t\t\t\t\t<\/div>\n\t\t<\/section>\n\t\t\t\t\t\t\t<\/div>\n\t\t","protected":false},"excerpt":{"rendered":"<p>Hotel management software Trong nh\u00e0 H\u00e3y t\u1ed5 ch\u1ee9c cu\u1ed9c h\u1ecdp ho\u1eb7c s\u1ef1 ki\u1ec7n ti\u1ebfp theo c\u1ee7a b\u1ea1n t\u1ea1i Celina Peninsula Resort v\u00e0 t\u1eadn h\u01b0\u1edfng s\u1ef1 sang tr\u1ecdng c\u1ee7a m\u1ed9t trong nh\u1eefng \u0111\u1ecba \u0111i\u1ec3m ri\u00eang t\u01b0 v\u00e0 tinh t\u1ebf nh\u1ea5t Vi\u1ec7t Nam. Khu ngh\u1ec9 d\u01b0\u1ee1ng c\u1ee7a ch\u00fang t\u00f4i c\u00f3 3 ph\u00f2ng h\u1ecdp trang nh\u00e3 trong nh\u00e0 [&hellip;]<\/p>\n","protected":false},"author":1,"featured_media":0,"parent":5016,"menu_order":0,"comment_status":"closed","ping_status":"closed","template":"","meta":[],"acf":[],"_links":{"self":[{"href":"https:\/\/celinaresort.com\/vi\/wp-json\/wp\/v2\/pages\/5557"}],"collection":[{"href":"https:\/\/celinaresort.com\/vi\/wp-json\/wp\/v2\/pages"}],"about":[{"href":"https:\/\/celinaresort.com\/vi\/wp-json\/wp\/v2\/types\/page"}],"author":[{"embeddable":true,"href":"https:\/\/celinaresort.com\/vi\/wp-json\/wp\/v2\/users\/1"}],"replies":[{"embeddable":true,"href":"https:\/\/celinaresort.com\/vi\/wp-json\/wp\/v2\/comments?post=5557"}],"version-history":[{"count":100,"href":"https:\/\/celinaresort.com\/vi\/wp-json\/wp\/v2\/pages\/5557\/revisions"}],"predecessor-version":[{"id":11366,"href":"https:\/\/celinaresort.com\/vi\/wp-json\/wp\/v2\/pages\/5557\/revisions\/11366"}],"up":[{"embeddable":true,"href":"https:\/\/celinaresort.com\/vi\/wp-json\/wp\/v2\/pages\/5016"}],"wp:attachment":[{"href":"https:\/\/celinaresort.com\/vi\/wp-json\/wp\/v2\/media?parent=5557"}],"curies":[{"name":"wp","href":"https:\/\/api.w.org\/{rel}","templated":true}]}}