{"id":10730,"date":"2023-09-12T09:19:02","date_gmt":"2023-09-12T02:19:02","guid":{"rendered":"https:\/\/celinaresort.com\/?page_id=10730"},"modified":"2024-12-06T20:40:53","modified_gmt":"2024-12-06T13:40:53","slug":"ve-quang-binh","status":"publish","type":"page","link":"https:\/\/celinaresort.com\/vi\/ve-quang-binh","title":{"rendered":"V\u1ec1 Qu\u1ea3ng B\u00ecnh"},"content":{"rendered":"\t\t<div data-elementor-type=\"wp-page\" data-elementor-id=\"10730\" class=\"elementor elementor-10730 elementor-10712\" data-elementor-post-type=\"page\">\n\t\t\t\t\t\t\t\t\t<section class=\"elementor-section elementor-top-section elementor-element elementor-element-5ccb5e7 elementor-section-full_width elementor-section-height-min-height elementor-section-stretched elementor-section-height-default elementor-section-items-middle qodef-elementor-content-no\" data-id=\"5ccb5e7\" data-element_type=\"section\" data-settings=\"{&quot;stretch_section&quot;:&quot;section-stretched&quot;,&quot;background_background&quot;:&quot;classic&quot;}\">\n\t\t\t\t\t\t<div class=\"elementor-container elementor-column-gap-default\">\n\t\t\t\t\t<div class=\"elementor-column elementor-col-100 elementor-top-column elementor-element elementor-element-df701b7\" data-id=\"df701b7\" data-element_type=\"column\">\n\t\t\t<div class=\"elementor-widget-wrap\">\n\t\t\t\t\t\t\t\t\t<\/div>\n\t\t<\/div>\n\t\t\t\t\t\t\t<\/div>\n\t\t<\/section>\n\t\t\t\t<section class=\"elementor-section elementor-top-section elementor-element elementor-element-d6baeb7 elementor-section-boxed elementor-section-height-default elementor-section-height-default qodef-elementor-content-no\" data-id=\"d6baeb7\" data-element_type=\"section\">\n\t\t\t\t\t\t<div class=\"elementor-container elementor-column-gap-default\">\n\t\t\t\t\t<div class=\"elementor-column elementor-col-100 elementor-top-column elementor-element elementor-element-cda7d9a\" data-id=\"cda7d9a\" data-element_type=\"column\">\n\t\t\t<div class=\"elementor-widget-wrap elementor-element-populated\">\n\t\t\t\t\t\t\t\t<div class=\"elementor-element elementor-element-70d5f4d elementor-widget elementor-widget-html\" data-id=\"70d5f4d\" data-element_type=\"widget\" data-widget_type=\"html.default\">\n\t\t\t\t<div class=\"elementor-widget-container\">\n\t\t\t<!-- start Search form script -->\r\n<div id=\"block-search\">\r\n  <div id=\"be-search-form\" class=\"be-container\">\r\n    <a href=\"https:\/\/exely.com\/\" rel=\"nofollow noopener\" target=\"_blank\">Hotel management software<\/a>\r\n  <\/div>\r\n<\/div>\r\n<!-- end Search form script -->\t\t<\/div>\n\t\t\t\t<\/div>\n\t\t\t\t\t<\/div>\n\t\t<\/div>\n\t\t\t\t\t\t\t<\/div>\n\t\t<\/section>\n\t\t\t\t<section class=\"elementor-section elementor-top-section elementor-element elementor-element-bf9bcc7 elementor-section-boxed elementor-section-height-default elementor-section-height-default qodef-elementor-content-no\" data-id=\"bf9bcc7\" data-element_type=\"section\">\n\t\t\t\t\t\t<div class=\"elementor-container elementor-column-gap-default\">\n\t\t\t\t\t<div class=\"elementor-column elementor-col-100 elementor-top-column elementor-element elementor-element-be1cb7b\" data-id=\"be1cb7b\" data-element_type=\"column\">\n\t\t\t<div class=\"elementor-widget-wrap elementor-element-populated\">\n\t\t\t\t\t\t\t\t<div class=\"elementor-element elementor-element-665b13d elementor-grid-3 elementor-grid-tablet-2 elementor-grid-mobile-1 elementor-posts--thumbnail-top elementor-card-shadow-yes elementor-posts__hover-gradient load-more-align-center elementor-widget elementor-widget-posts\" data-id=\"665b13d\" data-element_type=\"widget\" data-settings=\"{&quot;cards_row_gap&quot;:{&quot;unit&quot;:&quot;px&quot;,&quot;size&quot;:25,&quot;sizes&quot;:[]},&quot;pagination_type&quot;:&quot;load_more_on_click&quot;,&quot;cards_columns&quot;:&quot;3&quot;,&quot;cards_columns_tablet&quot;:&quot;2&quot;,&quot;cards_columns_mobile&quot;:&quot;1&quot;,&quot;cards_row_gap_tablet&quot;:{&quot;unit&quot;:&quot;px&quot;,&quot;size&quot;:&quot;&quot;,&quot;sizes&quot;:[]},&quot;cards_row_gap_mobile&quot;:{&quot;unit&quot;:&quot;px&quot;,&quot;size&quot;:&quot;&quot;,&quot;sizes&quot;:[]},&quot;load_more_spinner&quot;:{&quot;value&quot;:&quot;fas fa-spinner&quot;,&quot;library&quot;:&quot;fa-solid&quot;}}\" data-widget_type=\"posts.cards\">\n\t\t\t\t<div class=\"elementor-widget-container\">\n\t\t\t\t\t<div class=\"elementor-posts-container elementor-posts elementor-posts--skin-cards elementor-grid\">\n\t\t\t\t<article class=\"elementor-post elementor-grid-item post-10689 post type-post status-publish format-standard hentry category-ve-quang-binh-cat\">\n\t\t\t<div class=\"elementor-post__card\">\n\t\t\t\t<div class=\"elementor-post__text\">\n\t\t\t\t<h3 class=\"elementor-post__title\">\n\t\t\t<a href=\"https:\/\/celinaresort.com\/vi\/ve-quang-binh-cat\/song-chay-hang-toi-2.html\">\n\t\t\t\tS\u00f4ng Ch\u00e0y &#8211; Hang T\u1ed1i\t\t\t<\/a>\n\t\t<\/h3>\n\t\t\t\t<div class=\"elementor-post__excerpt\">\n\t\t\t<p>Ng\u1ee1 ng\u00e0ng v\u1edbi v\u1ebb \u0111\u1eb9p \u0111\u1ed9c \u0111\u00e1o c\u1ee7a S\u00f4ng Ch\u00e0y- Hang T\u1ed1i S\u00f4ng Ch\u00e0y hang T\u1ed1i l\u00e0 \u0111i\u1ec3m du l\u1ecbch n\u1eb1m trong v\u01b0\u1eddn qu\u1ed1c gia<\/p>\n\t\t<\/div>\n\t\t\t\t\t<div class=\"elementor-post__read-more-wrapper\">\n\t\t\n\t\t<a class=\"elementor-post__read-more\" href=\"https:\/\/celinaresort.com\/vi\/ve-quang-binh-cat\/song-chay-hang-toi-2.html\" aria-label=\"Read more about S\u00f4ng Ch\u00e0y &#8211; Hang T\u1ed1i\">\n\t\t\t\u0110\u1ecdc th\u00eam \u00bb\t\t<\/a>\n\n\t\t\t\t\t<\/div>\n\t\t\t\t<\/div>\n\t\t\t\t<div class=\"elementor-post__meta-data\">\n\t\t\t\t\t<span class=\"elementor-post-date\">\n\t\t\t29\/03\/2023\t\t<\/span>\n\t\t\t\t<\/div>\n\t\t\t\t\t<\/div>\n\t\t<\/article>\n\t\t\t\t<article class=\"elementor-post elementor-grid-item post-10571 post type-post status-publish format-standard hentry category-ve-quang-binh-cat\">\n\t\t\t<div class=\"elementor-post__card\">\n\t\t\t\t<div class=\"elementor-post__text\">\n\t\t\t\t<h3 class=\"elementor-post__title\">\n\t\t\t<a href=\"https:\/\/celinaresort.com\/vi\/ve-quang-binh-cat\/vung-chua-dao-yen.html\">\n\t\t\t\tV\u0169ng Ch\u00f9a &#8211; \u0110\u1ea3o Y\u1ebfn\t\t\t<\/a>\n\t\t<\/h3>\n\t\t\t\t<div class=\"elementor-post__excerpt\">\n\t\t\t<p>V\u0169ng Ch\u00f9a &#8211; \u0110\u1ea3o Y\u1ebfn, \u0111i\u1ec3m du l\u1ecbch t\u00e2m linh trong chuy\u1ebfn du xu\u00e2n Qu\u1ea3ng B\u00ecnh Tr\u00ean h\u00e0nh tr\u00ecnh du xu\u00e2n \u0111\u1ebfn v\u1edbi m\u1ea3nh \u0111\u1ea5t<\/p>\n\t\t<\/div>\n\t\t\t\t\t<div class=\"elementor-post__read-more-wrapper\">\n\t\t\n\t\t<a class=\"elementor-post__read-more\" href=\"https:\/\/celinaresort.com\/vi\/ve-quang-binh-cat\/vung-chua-dao-yen.html\" aria-label=\"Read more about V\u0169ng Ch\u00f9a &#8211; \u0110\u1ea3o Y\u1ebfn\">\n\t\t\t\u0110\u1ecdc th\u00eam \u00bb\t\t<\/a>\n\n\t\t\t\t\t<\/div>\n\t\t\t\t<\/div>\n\t\t\t\t<div class=\"elementor-post__meta-data\">\n\t\t\t\t\t<span class=\"elementor-post-date\">\n\t\t\t27\/12\/2022\t\t<\/span>\n\t\t\t\t<\/div>\n\t\t\t\t\t<\/div>\n\t\t<\/article>\n\t\t\t\t<article class=\"elementor-post elementor-grid-item post-10568 post type-post status-publish format-standard hentry category-ve-quang-binh-cat\">\n\t\t\t<div class=\"elementor-post__card\">\n\t\t\t\t<div class=\"elementor-post__text\">\n\t\t\t\t<h3 class=\"elementor-post__title\">\n\t\t\t<a href=\"https:\/\/celinaresort.com\/vi\/ve-quang-binh-cat\/nha-luu-niem-dai-tuong-vo-nguyen-giap.html\">\n\t\t\t\tNh\u00e0 l\u01b0u ni\u1ec7m \u0110\u1ea1i T\u01b0\u1edbng V\u00f5 Nguy\u00ean Gi\u00e1p\t\t\t<\/a>\n\t\t<\/h3>\n\t\t\t\t<div class=\"elementor-post__excerpt\">\n\t\t\t<p>NH\u00c0 L\u01afU NI\u1ec6M \u0110\u1ea0I T\u01af\u1edcNG V\u00d5 NGUY\u00caN GI\u00c1P &#8211; \u0110I\u1ec2M DU XU\u00c2N T\u1ea0I QU\u1ea2NG B\u00ccNH N\u1eb1m b\u00ean d\u00f2ng s\u00f4ng Ki\u1ebfn Giang hi\u1ec1n h\u00f2a, nh\u00e0 l\u01b0u<\/p>\n\t\t<\/div>\n\t\t\t\t\t<div class=\"elementor-post__read-more-wrapper\">\n\t\t\n\t\t<a class=\"elementor-post__read-more\" href=\"https:\/\/celinaresort.com\/vi\/ve-quang-binh-cat\/nha-luu-niem-dai-tuong-vo-nguyen-giap.html\" aria-label=\"Read more about Nh\u00e0 l\u01b0u ni\u1ec7m \u0110\u1ea1i T\u01b0\u1edbng V\u00f5 Nguy\u00ean Gi\u00e1p\">\n\t\t\t\u0110\u1ecdc th\u00eam \u00bb\t\t<\/a>\n\n\t\t\t\t\t<\/div>\n\t\t\t\t<\/div>\n\t\t\t\t<div class=\"elementor-post__meta-data\">\n\t\t\t\t\t<span class=\"elementor-post-date\">\n\t\t\t27\/12\/2022\t\t<\/span>\n\t\t\t\t<\/div>\n\t\t\t\t\t<\/div>\n\t\t<\/article>\n\t\t\t\t<article class=\"elementor-post elementor-grid-item post-10565 post type-post status-publish format-standard hentry category-ve-quang-binh-cat\">\n\t\t\t<div class=\"elementor-post__card\">\n\t\t\t\t<div class=\"elementor-post__text\">\n\t\t\t\t<h3 class=\"elementor-post__title\">\n\t\t\t<a href=\"https:\/\/celinaresort.com\/vi\/ve-quang-binh-cat\/chua-hoang-phuc.html\">\n\t\t\t\tCh\u00f9a Ho\u1eb1ng Ph\u00fac\t\t\t<\/a>\n\t\t<\/h3>\n\t\t\t\t<div class=\"elementor-post__excerpt\">\n\t\t\t<p>CH\u00d9A HO\u1eb0NG PH\u00daC &#8211; \u0110I\u1ec2M DU L\u1ecaCH T\u00c2M LINH NG\u00c0Y \u0110\u1ea6U XU\u00c2N \u1ede QU\u1ea2NG B\u00ccNH\u00a0 Tr\u00ean h\u00e0nh tr\u00ecnh du xu\u00e2n \u0111\u1ebfn m\u1ea3nh \u0111\u1ea5t Qu\u1ea3ng B\u00ecnh,<\/p>\n\t\t<\/div>\n\t\t\t\t\t<div class=\"elementor-post__read-more-wrapper\">\n\t\t\n\t\t<a class=\"elementor-post__read-more\" href=\"https:\/\/celinaresort.com\/vi\/ve-quang-binh-cat\/chua-hoang-phuc.html\" aria-label=\"Read more about Ch\u00f9a Ho\u1eb1ng Ph\u00fac\">\n\t\t\t\u0110\u1ecdc th\u00eam \u00bb\t\t<\/a>\n\n\t\t\t\t\t<\/div>\n\t\t\t\t<\/div>\n\t\t\t\t<div class=\"elementor-post__meta-data\">\n\t\t\t\t\t<span class=\"elementor-post-date\">\n\t\t\t27\/12\/2022\t\t<\/span>\n\t\t\t\t<\/div>\n\t\t\t\t\t<\/div>\n\t\t<\/article>\n\t\t\t\t<article class=\"elementor-post elementor-grid-item post-10562 post type-post status-publish format-standard hentry category-ve-quang-binh-cat\">\n\t\t\t<div class=\"elementor-post__card\">\n\t\t\t\t<div class=\"elementor-post__text\">\n\t\t\t\t<h3 class=\"elementor-post__title\">\n\t\t\t<a href=\"https:\/\/celinaresort.com\/vi\/ve-quang-binh-cat\/nghia-trang-liet-si-truong-son.html\">\n\t\t\t\tNgh\u0129a trang li\u1ec7t s\u0129 Tr\u01b0\u1eddng S\u01a1n\t\t\t<\/a>\n\t\t<\/h3>\n\t\t\t\t<div class=\"elementor-post__excerpt\">\n\t\t\t<p>NGH\u0128A TRANG LI\u1ec6T S\u0128 TR\u01af\u1edcNG S\u01a0N &#8211; \u0110I\u1ec2M DU L\u1ecaCH T\u00c2M LINH NG\u00c0Y \u0110\u1ea6U N\u0102M T\u1ecda l\u1ea1c tr\u00ean khu \u0111\u1ed3i B\u1ebfn T\u1eaft, g\u1ea7n \u0111\u01b0\u1eddng m\u00f2n<\/p>\n\t\t<\/div>\n\t\t\t\t\t<div class=\"elementor-post__read-more-wrapper\">\n\t\t\n\t\t<a class=\"elementor-post__read-more\" href=\"https:\/\/celinaresort.com\/vi\/ve-quang-binh-cat\/nghia-trang-liet-si-truong-son.html\" aria-label=\"Read more about Ngh\u0129a trang li\u1ec7t s\u0129 Tr\u01b0\u1eddng S\u01a1n\">\n\t\t\t\u0110\u1ecdc th\u00eam \u00bb\t\t<\/a>\n\n\t\t\t\t\t<\/div>\n\t\t\t\t<\/div>\n\t\t\t\t<div class=\"elementor-post__meta-data\">\n\t\t\t\t\t<span class=\"elementor-post-date\">\n\t\t\t27\/12\/2022\t\t<\/span>\n\t\t\t\t<\/div>\n\t\t\t\t\t<\/div>\n\t\t<\/article>\n\t\t\t\t<article class=\"elementor-post elementor-grid-item post-10559 post type-post status-publish format-standard hentry category-ve-quang-binh-cat\">\n\t\t\t<div class=\"elementor-post__card\">\n\t\t\t\t<div class=\"elementor-post__text\">\n\t\t\t\t<h3 class=\"elementor-post__title\">\n\t\t\t<a href=\"https:\/\/celinaresort.com\/vi\/ve-quang-binh-cat\/hang-tam-co.html\">\n\t\t\t\tHang T\u00e1m C\u00f4\t\t\t<\/a>\n\t\t<\/h3>\n\t\t\t\t<div class=\"elementor-post__excerpt\">\n\t\t\t<p>HANG T\u00c1M C\u00d4 &#8211; \u0110I\u1ec2M DU L\u1ecaCH T\u00c2M LINH T\u1ea0I QU\u1ea2NG B\u00ccNH NG\u00c0Y \u0110\u1ea6U N\u0102M Hang T\u00e1m C\u00f4 n\u1eb1m t\u1ea1i km17 \u0111\u01b0\u1eddng 20 Quy\u1ebft Th\u1eafng<\/p>\n\t\t<\/div>\n\t\t\t\t\t<div class=\"elementor-post__read-more-wrapper\">\n\t\t\n\t\t<a class=\"elementor-post__read-more\" href=\"https:\/\/celinaresort.com\/vi\/ve-quang-binh-cat\/hang-tam-co.html\" aria-label=\"Read more about Hang T\u00e1m C\u00f4\">\n\t\t\t\u0110\u1ecdc th\u00eam \u00bb\t\t<\/a>\n\n\t\t\t\t\t<\/div>\n\t\t\t\t<\/div>\n\t\t\t\t<div class=\"elementor-post__meta-data\">\n\t\t\t\t\t<span class=\"elementor-post-date\">\n\t\t\t27\/12\/2022\t\t<\/span>\n\t\t\t\t<\/div>\n\t\t\t\t\t<\/div>\n\t\t<\/article>\n\t\t\t\t<\/div>\n\t\t\t\t\t<span class=\"e-load-more-spinner\">\n\t\t\t\t<i aria-hidden=\"true\" class=\"fas fa-spinner\"><\/i>\t\t\t<\/span>\n\t\t\n\t\t\t\t<\/div>\n\t\t\t\t<\/div>\n\t\t\t\t\t<\/div>\n\t\t<\/div>\n\t\t\t\t\t\t\t<\/div>\n\t\t<\/section>\n\t\t\t\t\t\t\t<\/div>\n\t\t","protected":false},"excerpt":{"rendered":"<p>Hotel management software<\/p>\n","protected":false},"author":1,"featured_media":0,"parent":0,"menu_order":0,"comment_status":"closed","ping_status":"closed","template":"","meta":[],"acf":[],"_links":{"self":[{"href":"https:\/\/celinaresort.com\/vi\/wp-json\/wp\/v2\/pages\/10730"}],"collection":[{"href":"https:\/\/celinaresort.com\/vi\/wp-json\/wp\/v2\/pages"}],"about":[{"href":"https:\/\/celinaresort.com\/vi\/wp-json\/wp\/v2\/types\/page"}],"author":[{"embeddable":true,"href":"https:\/\/celinaresort.com\/vi\/wp-json\/wp\/v2\/users\/1"}],"replies":[{"embeddable":true,"href":"https:\/\/celinaresort.com\/vi\/wp-json\/wp\/v2\/comments?post=10730"}],"version-history":[{"count":10,"href":"https:\/\/celinaresort.com\/vi\/wp-json\/wp\/v2\/pages\/10730\/revisions"}],"predecessor-version":[{"id":11375,"href":"https:\/\/celinaresort.com\/vi\/wp-json\/wp\/v2\/pages\/10730\/revisions\/11375"}],"wp:attachment":[{"href":"https:\/\/celinaresort.com\/vi\/wp-json\/wp\/v2\/media?parent=10730"}],"curies":[{"name":"wp","href":"https:\/\/api.w.org\/{rel}","templated":true}]}}